{"id":816,"date":"2025-06-19T17:35:14","date_gmt":"2025-06-19T15:35:14","guid":{"rendered":"https:\/\/siegmar.ahlvers.de\/?page_id=816"},"modified":"2025-09-23T12:30:02","modified_gmt":"2025-09-23T10:30:02","slug":"stationen","status":"publish","type":"page","link":"https:\/\/siegmar.ahlvers.de\/en\/stationen\/","title":{"rendered":"Stations"},"content":{"rendered":"<div data-elementor-type=\"wp-page\" data-elementor-id=\"816\" class=\"elementor elementor-816\" data-elementor-post-type=\"page\">\n\t\t\t\t<div class=\"elementor-element elementor-element-43d1cb60 e-flex e-con-boxed e-con e-parent\" data-id=\"43d1cb60\" data-element_type=\"container\" data-e-type=\"container\">\n\t\t\t\t\t<div class=\"e-con-inner\">\n\t\t\t\t<div class=\"elementor-element elementor-element-1a9ca3b2 elementor-widget elementor-widget-text-editor\" data-id=\"1a9ca3b2\" data-element_type=\"widget\" data-e-type=\"widget\" data-widget_type=\"text-editor.default\">\n\t\t\t\t\t\t\t\t\t<p><\/p>\n<ul class=\"wp-block-list\">\n<li style=\"list-style-type: none;\">\n<ul class=\"wp-block-list\"><\/ul>\n<\/li>\n<\/ul>\n<ul>\n<li>Born in Hanover in 1957<\/li>\n<li>1957 to 1964 grew up in Langenhagen, then almost 4 years in the Weserbergland, Stadtoldendorf.<\/li>\n<li>From 1968 in Celle, where he trained as a radio and television technician at the former manufacturer TELEFUNKEN.<\/li>\n<li>1977\/78 Community service in the Christian drug therapy \u201cNeues Land\u201d.<\/li>\n<li>1978 \u2013 1984 Studied electrical engineering at the Hanover University of Applied Sciences<\/li>\n<li>1984 \u2013 2021 worked as a qualified engineer at a Hanover mechanical engineering company and lived in Hanover Bemerode, right at the \u201cfoot of the Kronsberg\u201d.<\/li>\n<li>Free for art and the development of the art portal since the beginning of 2022\u00a0<a href=\"https:\/\/kunstmarkt-hannover.de\/\" target=\"_blank\" rel=\"noreferrer noopener\">https:\/\/kunstmarkt-hannover.de\/<\/a>.<\/li>\n<li>Member of\u00a0<a href=\"https:\/\/www.kunstverein-hannover.de\/de\" target=\"_blank\" rel=\"noreferrer noopener\">Kunstverein Hannover<\/a><\/li>\n<li>Member of\u00a0<a href=\"https:\/\/zwischenraum-hannover.de\/\" target=\"_blank\" rel=\"noreferrer noopener\">Z_R Agentur f\u00fcr kreative Zwischenraumnutzung<\/a>\u00a0Hanover<\/li>\n<li>Seit 2023 Vernetzung mit der offenen K\u00fcnstlergruppe vom Kunstufer Hannover<\/li>\n<\/ul>\n<p><\/p>\n<p><\/p>\t\t\t\t\t\t\t\t<\/div>\n\t\t\t\t\t<\/div>\n\t\t\t\t<\/div>\n\t\t\t\t<\/div>","protected":false},"excerpt":{"rendered":"","protected":false},"author":1,"featured_media":0,"parent":0,"menu_order":0,"comment_status":"closed","ping_status":"closed","template":"","meta":{"footnotes":""},"class_list":["post-816","page","type-page","status-publish","hentry"],"yoast_head":"<!-- This site is optimized with the Yoast SEO plugin v27.5 - https:\/\/yoast.com\/product\/yoast-seo-wordpress\/ -->\n<title>Stationen - Siegmar Ahlvers<\/title>\n<meta name=\"robots\" content=\"index, follow, max-snippet:-1, max-image-preview:large, max-video-preview:-1\" \/>\n<link rel=\"canonical\" href=\"https:\/\/siegmar.ahlvers.de\/en\/stationen\/\" \/>\n<meta property=\"og:locale\" content=\"en_US\" \/>\n<meta property=\"og:type\" content=\"article\" \/>\n<meta property=\"og:title\" content=\"Stationen - Siegmar Ahlvers\" \/>\n<meta property=\"og:url\" content=\"https:\/\/siegmar.ahlvers.de\/en\/stationen\/\" \/>\n<meta property=\"og:site_name\" content=\"Siegmar Ahlvers\" \/>\n<meta property=\"article:publisher\" content=\"https:\/\/www.facebook.com\/siegmar.ahlvers\" \/>\n<meta property=\"article:modified_time\" content=\"2025-09-23T10:30:02+00:00\" \/>\n<meta name=\"twitter:card\" content=\"summary_large_image\" \/>\n<meta name=\"twitter:label1\" content=\"Est. reading time\" \/>\n\t<meta name=\"twitter:data1\" content=\"1 minute\" \/>\n<script type=\"application\/ld+json\" class=\"yoast-schema-graph\">{\"@context\":\"https:\\\/\\\/schema.org\",\"@graph\":[{\"@type\":\"WebPage\",\"@id\":\"https:\\\/\\\/siegmar.ahlvers.de\\\/stationen\\\/\",\"url\":\"https:\\\/\\\/siegmar.ahlvers.de\\\/stationen\\\/\",\"name\":\"Stationen - Siegmar Ahlvers\",\"isPartOf\":{\"@id\":\"https:\\\/\\\/siegmar.ahlvers.de\\\/#website\"},\"datePublished\":\"2025-06-19T15:35:14+00:00\",\"dateModified\":\"2025-09-23T10:30:02+00:00\",\"breadcrumb\":{\"@id\":\"https:\\\/\\\/siegmar.ahlvers.de\\\/stationen\\\/#breadcrumb\"},\"inLanguage\":\"en-US\",\"potentialAction\":[{\"@type\":\"ReadAction\",\"target\":[\"https:\\\/\\\/siegmar.ahlvers.de\\\/stationen\\\/\"]}]},{\"@type\":\"BreadcrumbList\",\"@id\":\"https:\\\/\\\/siegmar.ahlvers.de\\\/stationen\\\/#breadcrumb\",\"itemListElement\":[{\"@type\":\"ListItem\",\"position\":1,\"name\":\"Startseite\",\"item\":\"https:\\\/\\\/siegmar.ahlvers.de\\\/\"},{\"@type\":\"ListItem\",\"position\":2,\"name\":\"Stationen\"}]},{\"@type\":\"WebSite\",\"@id\":\"https:\\\/\\\/siegmar.ahlvers.de\\\/#website\",\"url\":\"https:\\\/\\\/siegmar.ahlvers.de\\\/\",\"name\":\"Siegmar Ahlvers - Kunst\",\"description\":\"Die Welt als Kunstwerk\",\"publisher\":{\"@id\":\"https:\\\/\\\/siegmar.ahlvers.de\\\/#\\\/schema\\\/person\\\/28359b6064e090906ad271e9d29a2b1e\"},\"potentialAction\":[{\"@type\":\"SearchAction\",\"target\":{\"@type\":\"EntryPoint\",\"urlTemplate\":\"https:\\\/\\\/siegmar.ahlvers.de\\\/?s={search_term_string}\"},\"query-input\":{\"@type\":\"PropertyValueSpecification\",\"valueRequired\":true,\"valueName\":\"search_term_string\"}}],\"inLanguage\":\"en-US\"},{\"@type\":[\"Person\",\"Organization\"],\"@id\":\"https:\\\/\\\/siegmar.ahlvers.de\\\/#\\\/schema\\\/person\\\/28359b6064e090906ad271e9d29a2b1e\",\"name\":\"siegmar@ahlvers.de\",\"image\":{\"@type\":\"ImageObject\",\"inLanguage\":\"en-US\",\"@id\":\"https:\\\/\\\/siegmar.ahlvers.de\\\/wp-content\\\/uploads\\\/2025\\\/06\\\/cropped-AlphaSigma_200.jpg\",\"url\":\"https:\\\/\\\/siegmar.ahlvers.de\\\/wp-content\\\/uploads\\\/2025\\\/06\\\/cropped-AlphaSigma_200.jpg\",\"contentUrl\":\"https:\\\/\\\/siegmar.ahlvers.de\\\/wp-content\\\/uploads\\\/2025\\\/06\\\/cropped-AlphaSigma_200.jpg\",\"width\":512,\"height\":512,\"caption\":\"siegmar@ahlvers.de\"},\"logo\":{\"@id\":\"https:\\\/\\\/siegmar.ahlvers.de\\\/wp-content\\\/uploads\\\/2025\\\/06\\\/cropped-AlphaSigma_200.jpg\"},\"description\":\"Von der Unsch\u00e4rfe zur Form: Siegmar Ahlvers\u2019 planvolle Abstraktion Bevor Siegmar Ahlvers K\u00fcnstler wurde, suchte er als Ingenieur nach Gesetzm\u00e4\u00dfigkeiten: Messwerte, Modelle, Systeme. Parallel trug er seit Jugendtagen Skizzenb\u00fccher mit sich \u2013 getrieben von der Frage, wie sich das Unsichtbare der Welt sichtbar machen l\u00e4sst. Heisenbergs Unsch\u00e4rferelation wurde ihm zur inneren Metapher: Wirklichkeit oszilliert zwischen Wahrscheinlichkeit und Gewissheit. Seine Malerei ist der Versuch, dieser Schwebe eine Form zu geben. Der \u00f6ffentlich sichtbare Start kam 2004 mit einer kleinen Ausstellung quadratischer Aquarelle. Ein Besucher kaufte spontan mehrere Arbeiten, doch entscheidender als der Verkauf war die Einsicht, dass seine Bilder R\u00e4ume und Stimmungen sp\u00fcrbar ver\u00e4ndern. Aus der privaten Suche wurde eine Haltung; Ahlvers entwickelte seine Kunst konsequent weiter \u2013 zun\u00e4chst neben dem Beruf, sp\u00e4ter als Profession. Seine Werke entstehen planvoll. Ideen wachsen aus Tr\u00e4umen, meditativen Notizen und Studien im Skizzenbuch; daraus entstehen Entw\u00fcrfe in kleinem Format, bevor Leinwand oder Holzk\u00f6rper folgen. Die \u2013 oft grafisch\u2011geometrischen \u2013 Kompositionen bauen auf pr\u00e4ziser Bildaufteilung und bewusst gesetzter Farbdramaturgie. Material und Methode sind offen: Pinsel, Spachtel, Rollen, Schw\u00e4mme, Stifte, Folienabz\u00fcge, Alufolie, Sand, Steinchen, Kohle, Magnete \u2013 alles, was Oberfl\u00e4che und Raum zum Klingen bringt. Zugleich arbeitet Ahlvers seriell und h\u00e4lt innerhalb einer Reihe die formale Sprache konsistent, damit die Werke einzeln bestehen und gemeinsam als Ensemble wirken. Gepr\u00e4gt von christlicher Pr\u00e4gung und naturwissenschaftlichem Denken sucht Ahlvers in Mustern, Rhythmen und Farbr\u00e4umen nach den \u201einneren Strukturen\u201c der Welt. Seine planvoll komponierten, atmosph\u00e4risch dichten Arbeiten schaffen in privaten wie beruflichen R\u00e4umen eine konzentrierte, inspirierende Pr\u00e4senz \u2013 Kunst als sichtbare Ordnung im Strom des Ungewissen. Siegmar Ahlvers, Jahrgang 1957, wuchs in Langenhagen, im Weserbergland und in Celle auf und lebt seit 1978 in Hannover. \u00dcber 30 Jahre internationale Reiset\u00e4tigkeit \u2013 besonders in der Reifenindustrie \u2013 pr\u00e4gten seinen Blick; heute flie\u00dfen diese Erfahrungen sichtbar in sein Werk ein.\",\"sameAs\":[\"https:\\\/\\\/siegmar.ahlvers.de\",\"https:\\\/\\\/www.facebook.com\\\/siegmar.ahlvers\",\"https:\\\/\\\/www.instagram.com\\\/siegmarahlvers\",\"https:\\\/\\\/www.linkedin.com\\\/in\\\/siegmarahlvers\\\/\",\"https:\\\/\\\/www.youtube.com\\\/@alphasigmahannover\"]}]}<\/script>\n<!-- \/ Yoast SEO plugin. -->","yoast_head_json":{"title":"Stationen - Siegmar Ahlvers","robots":{"index":"index","follow":"follow","max-snippet":"max-snippet:-1","max-image-preview":"max-image-preview:large","max-video-preview":"max-video-preview:-1"},"canonical":"https:\/\/siegmar.ahlvers.de\/en\/stationen\/","og_locale":"en_US","og_type":"article","og_title":"Stationen - Siegmar Ahlvers","og_url":"https:\/\/siegmar.ahlvers.de\/en\/stationen\/","og_site_name":"Siegmar Ahlvers","article_publisher":"https:\/\/www.facebook.com\/siegmar.ahlvers","article_modified_time":"2025-09-23T10:30:02+00:00","twitter_card":"summary_large_image","twitter_misc":{"Est. reading time":"1 minute"},"schema":{"@context":"https:\/\/schema.org","@graph":[{"@type":"WebPage","@id":"https:\/\/siegmar.ahlvers.de\/stationen\/","url":"https:\/\/siegmar.ahlvers.de\/stationen\/","name":"Stationen - Siegmar Ahlvers","isPartOf":{"@id":"https:\/\/siegmar.ahlvers.de\/#website"},"datePublished":"2025-06-19T15:35:14+00:00","dateModified":"2025-09-23T10:30:02+00:00","breadcrumb":{"@id":"https:\/\/siegmar.ahlvers.de\/stationen\/#breadcrumb"},"inLanguage":"en-US","potentialAction":[{"@type":"ReadAction","target":["https:\/\/siegmar.ahlvers.de\/stationen\/"]}]},{"@type":"BreadcrumbList","@id":"https:\/\/siegmar.ahlvers.de\/stationen\/#breadcrumb","itemListElement":[{"@type":"ListItem","position":1,"name":"Startseite","item":"https:\/\/siegmar.ahlvers.de\/"},{"@type":"ListItem","position":2,"name":"Stationen"}]},{"@type":"WebSite","@id":"https:\/\/siegmar.ahlvers.de\/#website","url":"https:\/\/siegmar.ahlvers.de\/","name":"Siegmar Ahlvers - Kunst","description":"The world as a work of art","publisher":{"@id":"https:\/\/siegmar.ahlvers.de\/#\/schema\/person\/28359b6064e090906ad271e9d29a2b1e"},"potentialAction":[{"@type":"SearchAction","target":{"@type":"EntryPoint","urlTemplate":"https:\/\/siegmar.ahlvers.de\/?s={search_term_string}"},"query-input":{"@type":"PropertyValueSpecification","valueRequired":true,"valueName":"search_term_string"}}],"inLanguage":"en-US"},{"@type":["Person","Organization"],"@id":"https:\/\/siegmar.ahlvers.de\/#\/schema\/person\/28359b6064e090906ad271e9d29a2b1e","name":"siegmar@ahlvers.de","image":{"@type":"ImageObject","inLanguage":"en-US","@id":"https:\/\/siegmar.ahlvers.de\/wp-content\/uploads\/2025\/06\/cropped-AlphaSigma_200.jpg","url":"https:\/\/siegmar.ahlvers.de\/wp-content\/uploads\/2025\/06\/cropped-AlphaSigma_200.jpg","contentUrl":"https:\/\/siegmar.ahlvers.de\/wp-content\/uploads\/2025\/06\/cropped-AlphaSigma_200.jpg","width":512,"height":512,"caption":"siegmar@ahlvers.de"},"logo":{"@id":"https:\/\/siegmar.ahlvers.de\/wp-content\/uploads\/2025\/06\/cropped-AlphaSigma_200.jpg"},"description":"Von der Unsch\u00e4rfe zur Form: Siegmar Ahlvers\u2019 planvolle Abstraktion Bevor Siegmar Ahlvers K\u00fcnstler wurde, suchte er als Ingenieur nach Gesetzm\u00e4\u00dfigkeiten: Messwerte, Modelle, Systeme. Parallel trug er seit Jugendtagen Skizzenb\u00fccher mit sich \u2013 getrieben von der Frage, wie sich das Unsichtbare der Welt sichtbar machen l\u00e4sst. Heisenbergs Unsch\u00e4rferelation wurde ihm zur inneren Metapher: Wirklichkeit oszilliert zwischen Wahrscheinlichkeit und Gewissheit. Seine Malerei ist der Versuch, dieser Schwebe eine Form zu geben. Der \u00f6ffentlich sichtbare Start kam 2004 mit einer kleinen Ausstellung quadratischer Aquarelle. Ein Besucher kaufte spontan mehrere Arbeiten, doch entscheidender als der Verkauf war die Einsicht, dass seine Bilder R\u00e4ume und Stimmungen sp\u00fcrbar ver\u00e4ndern. Aus der privaten Suche wurde eine Haltung; Ahlvers entwickelte seine Kunst konsequent weiter \u2013 zun\u00e4chst neben dem Beruf, sp\u00e4ter als Profession. Seine Werke entstehen planvoll. Ideen wachsen aus Tr\u00e4umen, meditativen Notizen und Studien im Skizzenbuch; daraus entstehen Entw\u00fcrfe in kleinem Format, bevor Leinwand oder Holzk\u00f6rper folgen. Die \u2013 oft grafisch\u2011geometrischen \u2013 Kompositionen bauen auf pr\u00e4ziser Bildaufteilung und bewusst gesetzter Farbdramaturgie. Material und Methode sind offen: Pinsel, Spachtel, Rollen, Schw\u00e4mme, Stifte, Folienabz\u00fcge, Alufolie, Sand, Steinchen, Kohle, Magnete \u2013 alles, was Oberfl\u00e4che und Raum zum Klingen bringt. Zugleich arbeitet Ahlvers seriell und h\u00e4lt innerhalb einer Reihe die formale Sprache konsistent, damit die Werke einzeln bestehen und gemeinsam als Ensemble wirken. Gepr\u00e4gt von christlicher Pr\u00e4gung und naturwissenschaftlichem Denken sucht Ahlvers in Mustern, Rhythmen und Farbr\u00e4umen nach den \u201einneren Strukturen\u201c der Welt. Seine planvoll komponierten, atmosph\u00e4risch dichten Arbeiten schaffen in privaten wie beruflichen R\u00e4umen eine konzentrierte, inspirierende Pr\u00e4senz \u2013 Kunst als sichtbare Ordnung im Strom des Ungewissen. Siegmar Ahlvers, Jahrgang 1957, wuchs in Langenhagen, im Weserbergland und in Celle auf und lebt seit 1978 in Hannover. \u00dcber 30 Jahre internationale Reiset\u00e4tigkeit \u2013 besonders in der Reifenindustrie \u2013 pr\u00e4gten seinen Blick; heute flie\u00dfen diese Erfahrungen sichtbar in sein Werk ein.","sameAs":["https:\/\/siegmar.ahlvers.de","https:\/\/www.facebook.com\/siegmar.ahlvers","https:\/\/www.instagram.com\/siegmarahlvers","https:\/\/www.linkedin.com\/in\/siegmarahlvers\/","https:\/\/www.youtube.com\/@alphasigmahannover"]}]}},"_links":{"self":[{"href":"https:\/\/siegmar.ahlvers.de\/en\/wp-json\/wp\/v2\/pages\/816","targetHints":{"allow":["GET"]}}],"collection":[{"href":"https:\/\/siegmar.ahlvers.de\/en\/wp-json\/wp\/v2\/pages"}],"about":[{"href":"https:\/\/siegmar.ahlvers.de\/en\/wp-json\/wp\/v2\/types\/page"}],"author":[{"embeddable":true,"href":"https:\/\/siegmar.ahlvers.de\/en\/wp-json\/wp\/v2\/users\/1"}],"replies":[{"embeddable":true,"href":"https:\/\/siegmar.ahlvers.de\/en\/wp-json\/wp\/v2\/comments?post=816"}],"version-history":[{"count":10,"href":"https:\/\/siegmar.ahlvers.de\/en\/wp-json\/wp\/v2\/pages\/816\/revisions"}],"predecessor-version":[{"id":2208,"href":"https:\/\/siegmar.ahlvers.de\/en\/wp-json\/wp\/v2\/pages\/816\/revisions\/2208"}],"wp:attachment":[{"href":"https:\/\/siegmar.ahlvers.de\/en\/wp-json\/wp\/v2\/media?parent=816"}],"curies":[{"name":"wp","href":"https:\/\/api.w.org\/{rel}","templated":true}]}}