{"id":31,"date":"2022-07-19T11:50:22","date_gmt":"2022-07-19T09:50:22","guid":{"rendered":"https:\/\/siegmar.ahlvers.de\/?page_id=31"},"modified":"2026-04-18T10:05:43","modified_gmt":"2026-04-18T08:05:43","slug":"bilder-erwerben-direkt-vom-kuenstler","status":"publish","type":"page","link":"https:\/\/siegmar.ahlvers.de\/en\/bilder-erwerben-direkt-vom-kuenstler\/","title":{"rendered":"Purchase artworks"},"content":{"rendered":"<div data-elementor-type=\"wp-page\" data-elementor-id=\"31\" class=\"elementor elementor-31\" data-elementor-post-type=\"page\">\n\t\t\t\t<div class=\"elementor-element elementor-element-4aa8f10f e-flex e-con-boxed e-con e-parent\" data-id=\"4aa8f10f\" data-element_type=\"container\" data-e-type=\"container\">\n\t\t\t\t\t<div class=\"e-con-inner\">\n\t\t\t\t<div class=\"elementor-element elementor-element-7de388b3 elementor-widget elementor-widget-text-editor\" data-id=\"7de388b3\" data-element_type=\"widget\" data-e-type=\"widget\" data-widget_type=\"text-editor.default\">\n\t\t\t\t\t\t\t\t\t<p><\/p>\n<h3 class=\"wp-block-heading\"><span style=\"color: inherit; font-family: inherit; font-size: 1.75rem;\">Sales in Germany<\/span><\/h3>\n<p><\/p>\n<p class=\"translation-block\">I offer my original works of art in the <a data-type=\"URL\" data-id=\"https:\/\/kunstmarkt-hannover.de\/shop\/\" href=\"https:\/\/kunstmarkt-hannover.de\/shop\/\" target=\"_blank\" rel=\"noreferrer noopener\">online shop at Kunstmarkt-Hannover.de<\/a>. Payment is currently accepted via PayPal or cash upon delivery. Please contact me to arrange shipping \u2013 you can either pick up the artwork directly from my office or have it shipped or delivered personally by me.<\/p>\n<p><\/p>\n<figure class=\"wp-block-image size-full is-resized\"><a href=\"https:\/\/kunstmarkt-hannover.de\/shop\/\"><img fetchpriority=\"high\" decoding=\"async\" width=\"800\" height=\"450\" class=\"wp-image-153\" style=\"width: 318px; height: auto;\" src=\"https:\/\/siegmar.ahlvers.de\/wp-content\/uploads\/2022\/07\/Logo_Kunstmarkt-Hannover_800x450.jpg\" alt=\"\" srcset=\"https:\/\/siegmar.ahlvers.de\/wp-content\/uploads\/2022\/07\/Logo_Kunstmarkt-Hannover_800x450.jpg 800w, https:\/\/siegmar.ahlvers.de\/wp-content\/uploads\/2022\/07\/Logo_Kunstmarkt-Hannover_800x450-300x169.jpg 300w, https:\/\/siegmar.ahlvers.de\/wp-content\/uploads\/2022\/07\/Logo_Kunstmarkt-Hannover_800x450-768x432.jpg 768w\" sizes=\"(max-width: 800px) 100vw, 800px\" \/><\/a><\/figure>\n<p><\/p>\n<h3 class=\"wp-block-heading\">Sales international<\/h3>\n<p><\/p>\n<p class=\"translation-block\">I offer some of my artwork series on <a href=\"https:\/\/www.singulart.com\/de\/knstler\/siegmar-ahlvers-65676?show_popin=subscribe\" target=\"_self\">Singulart<\/a>. Delivery and international shipping are available worldwide.<\/p>\n<p><\/p>\n<h3 class=\"wp-block-heading\">Fine art prints of my artworks<\/h3>\n<p><\/p>\n<p class=\"translation-block\">Some of my artworks are available as <a href=\"https:\/\/kunstmarkt-hannover.de\/?s=FineArtPrint+\" target=\"_self\">Fine Art Prints<\/a>. I offer the prints in a standard format on high-quality paper, for example, the square graphic works measuring 20x20cm in a beautiful 30x30cm wooden frame. For other formats, please contact me <a href=\"mailto:siegmar@ahlvers.de\" target=\"_self\">in person<\/a>. Additionally, since March 2025, my new series \"<a href=\"https:\/\/pixels.com\/profiles\/siegmar-ahlvers\/collections\/earth+top+views\" target=\"_self\">Earth Top View<\/a>\" has been available on Pixels.com as art prints in various formats or printed on objects; see below under JungleFantasy products.<\/p>\n<p><\/p>\n<figure class=\"wp-block-image size-large is-resized\"><a href=\"https:\/\/kunstmarkt-hannover.de\/?s=FineArtPrint+\"><img decoding=\"async\" width=\"1024\" height=\"1024\" class=\"wp-image-477\" style=\"width: 320px; height: auto;\" src=\"https:\/\/siegmar.ahlvers.de\/wp-content\/uploads\/2024\/11\/Kunstdrucke_Aquarelle_Grafisch_01-S01_3-1024x1024.jpg\" alt=\"\" srcset=\"https:\/\/siegmar.ahlvers.de\/wp-content\/uploads\/2024\/11\/Kunstdrucke_Aquarelle_Grafisch_01-S01_3-1024x1024.jpg 1024w, https:\/\/siegmar.ahlvers.de\/wp-content\/uploads\/2024\/11\/Kunstdrucke_Aquarelle_Grafisch_01-S01_3-300x300.jpg 300w, https:\/\/siegmar.ahlvers.de\/wp-content\/uploads\/2024\/11\/Kunstdrucke_Aquarelle_Grafisch_01-S01_3-150x150.jpg 150w, https:\/\/siegmar.ahlvers.de\/wp-content\/uploads\/2024\/11\/Kunstdrucke_Aquarelle_Grafisch_01-S01_3-768x768.jpg 768w, https:\/\/siegmar.ahlvers.de\/wp-content\/uploads\/2024\/11\/Kunstdrucke_Aquarelle_Grafisch_01-S01_3-1536x1536.jpg 1536w, https:\/\/siegmar.ahlvers.de\/wp-content\/uploads\/2024\/11\/Kunstdrucke_Aquarelle_Grafisch_01-S01_3-2048x2048.jpg 2048w, https:\/\/siegmar.ahlvers.de\/wp-content\/uploads\/2024\/11\/Kunstdrucke_Aquarelle_Grafisch_01-S01_3-12x12.jpg 12w\" sizes=\"(max-width: 1024px) 100vw, 1024px\" \/><\/a><\/figure>\n<p><\/p>\n<h3 class=\"wp-block-heading\">Art prints and products from the JungleFantasy series<\/h3>\n<p><\/p>\n<p class=\"translation-block\">My website <a href=\"https:\/\/junglefantasy.art\/\" target=\"_self\">JUNGLEFANTASY.ART<\/a> leads you to various products based on photographically and digitally processed excerpts from the painting \u201cIn The Jungle\u201d.<\/p>\n<p><\/p>\n<figure class=\"wp-block-image size-large is-resized\"><a href=\"https:\/\/junglefantasy.art\/\"><img decoding=\"async\" class=\"wp-image-471\" style=\"width: 315px; height: auto;\" src=\"https:\/\/siegmar.ahlvers.de\/wp-content\/uploads\/2024\/11\/JungleFantasy_kontouriert-1024x1024.jpg\" alt=\"\" \/><\/a><\/figure>\n<p><\/p>\n<p>These are everyday items such as bath towels, sofa cushions, iPhone cases, Galaxy Phone cases, coffee cups, yoga mats, bags, etc. or art prints in many sizes and variations.<\/p>\n<p><!-- \/wp:gallery --><!-- wp:paragraph --><\/p>\n<p class=\"translation-block\">And you can also find all motifs as high-quality art prints in various sizes and designs in the PIXELS.COM shop, available worldwide!<\/p>\n<p><!-- \/wp:paragraph --><!-- wp:image {\"lightbox\":{\"enabled\":false},\"id\":483,\"width\":\"317px\",\"height\":\"auto\",\"sizeSlug\":\"full\",\"linkDestination\":\"custom\"} --><\/p>\n<figure class=\"wp-block-image size-full is-resized\"><a href=\"https:\/\/pixels.com\/art\/siegmar\"><img decoding=\"async\" width=\"800\" height=\"800\" class=\"wp-image-483\" style=\"width: 317px; height: auto;\" src=\"https:\/\/siegmar.ahlvers.de\/wp-content\/uploads\/2024\/11\/Pixels_JF1911_Promo.jpg\" alt=\"\" srcset=\"https:\/\/siegmar.ahlvers.de\/wp-content\/uploads\/2024\/11\/Pixels_JF1911_Promo.jpg 800w, https:\/\/siegmar.ahlvers.de\/wp-content\/uploads\/2024\/11\/Pixels_JF1911_Promo-300x300.jpg 300w, https:\/\/siegmar.ahlvers.de\/wp-content\/uploads\/2024\/11\/Pixels_JF1911_Promo-150x150.jpg 150w, https:\/\/siegmar.ahlvers.de\/wp-content\/uploads\/2024\/11\/Pixels_JF1911_Promo-768x768.jpg 768w, https:\/\/siegmar.ahlvers.de\/wp-content\/uploads\/2024\/11\/Pixels_JF1911_Promo-12x12.jpg 12w\" sizes=\"(max-width: 800px) 100vw, 800px\" \/><\/a><\/figure>\n<p><!-- \/wp:image --><!-- wp:heading {\"level\":3} --><\/p>\n<figure class=\"wp-block-image size-large is-resized\"><\/figure>\n<p><!-- \/wp:image --><!-- wp:heading {\"level\":3} --><\/p>\n<h3 class=\"wp-block-heading\">Interested in a particular work of art?<\/h3>\n<p><!-- \/wp:heading --><!-- wp:paragraph --><\/p>\n<p class=\"translation-block\">Instead of purchasing directly from one of my shops, please feel free to contact me if you are interested in a specific work. I usually showcase new artworks first on my Instagram account <a href=\"https:\/\/www.instagram.com\/siegmarahlvers\/\" target=\"_self\">siegmarahlvers<\/a> before they are offered in a shop. Feel free to make me a price suggestion for your new work from my hand.<\/p>\n<p><!-- \/wp:paragraph --><!-- wp:paragraph --><\/p>\n<p><!-- \/wp:paragraph --><\/p>\t\t\t\t\t\t\t\t<\/div>\n\t\t\t\t\t<\/div>\n\t\t\t\t<\/div>\n\t\t\t\t<\/div>","protected":false},"excerpt":{"rendered":"<p>Verkauf in Deutschland Meine Original-Kunstwerke biete im Online Shop bei Kunstmarkt-Hannover.de an. Bezahlung erfolgt derzeit \u00fcber Paypal oder gegen Bar bei Lieferung durch mich. F\u00fcr den Versand stimmen Sie sich mit mir ab &#8211; entweder ist Abholung direkt bei mir m\u00f6glich oder auch Zusendung oder pers\u00f6nliche Lieferung durch mich. Verkauf International Einige meiner Bildserien biete [&hellip;]<\/p>\n","protected":false},"author":1,"featured_media":0,"parent":0,"menu_order":0,"comment_status":"closed","ping_status":"closed","template":"","meta":{"footnotes":""},"class_list":["post-31","page","type-page","status-publish","hentry"],"yoast_head":"<!-- This site is optimized with the Yoast SEO plugin v27.5 - https:\/\/yoast.com\/product\/yoast-seo-wordpress\/ -->\n<title>Bilder erwerben - Siegmar Ahlvers<\/title>\n<meta name=\"robots\" content=\"index, follow, max-snippet:-1, max-image-preview:large, max-video-preview:-1\" \/>\n<link rel=\"canonical\" href=\"https:\/\/siegmar.ahlvers.de\/en\/bilder-erwerben-direkt-vom-kuenstler\/\" \/>\n<meta property=\"og:locale\" content=\"en_US\" \/>\n<meta property=\"og:type\" content=\"article\" \/>\n<meta property=\"og:title\" content=\"Bilder erwerben - Siegmar Ahlvers\" \/>\n<meta property=\"og:description\" content=\"Verkauf in Deutschland Meine Original-Kunstwerke biete im Online Shop bei Kunstmarkt-Hannover.de an. Bezahlung erfolgt derzeit \u00fcber Paypal oder gegen Bar bei Lieferung durch mich. F\u00fcr den Versand stimmen Sie sich mit mir ab &#8211; entweder ist Abholung direkt bei mir m\u00f6glich oder auch Zusendung oder pers\u00f6nliche Lieferung durch mich. Verkauf International Einige meiner Bildserien biete [&hellip;]\" \/>\n<meta property=\"og:url\" content=\"https:\/\/siegmar.ahlvers.de\/en\/bilder-erwerben-direkt-vom-kuenstler\/\" \/>\n<meta property=\"og:site_name\" content=\"Siegmar Ahlvers\" \/>\n<meta property=\"article:publisher\" content=\"https:\/\/www.facebook.com\/siegmar.ahlvers\" \/>\n<meta property=\"article:modified_time\" content=\"2026-04-18T08:05:43+00:00\" \/>\n<meta property=\"og:image\" content=\"https:\/\/siegmar.ahlvers.de\/wp-content\/uploads\/2022\/07\/Logo_Kunstmarkt-Hannover_800x450.jpg\" \/>\n\t<meta property=\"og:image:width\" content=\"800\" \/>\n\t<meta property=\"og:image:height\" content=\"450\" \/>\n\t<meta property=\"og:image:type\" content=\"image\/jpeg\" \/>\n<meta name=\"twitter:card\" content=\"summary_large_image\" \/>\n<meta name=\"twitter:label1\" content=\"Est. reading time\" \/>\n\t<meta name=\"twitter:data1\" content=\"3 minutes\" \/>\n<script type=\"application\/ld+json\" class=\"yoast-schema-graph\">{\"@context\":\"https:\\\/\\\/schema.org\",\"@graph\":[{\"@type\":\"WebPage\",\"@id\":\"https:\\\/\\\/siegmar.ahlvers.de\\\/bilder-erwerben-direkt-vom-kuenstler\\\/\",\"url\":\"https:\\\/\\\/siegmar.ahlvers.de\\\/bilder-erwerben-direkt-vom-kuenstler\\\/\",\"name\":\"Bilder erwerben - Siegmar Ahlvers\",\"isPartOf\":{\"@id\":\"https:\\\/\\\/siegmar.ahlvers.de\\\/#website\"},\"primaryImageOfPage\":{\"@id\":\"https:\\\/\\\/siegmar.ahlvers.de\\\/bilder-erwerben-direkt-vom-kuenstler\\\/#primaryimage\"},\"image\":{\"@id\":\"https:\\\/\\\/siegmar.ahlvers.de\\\/bilder-erwerben-direkt-vom-kuenstler\\\/#primaryimage\"},\"thumbnailUrl\":\"https:\\\/\\\/siegmar.ahlvers.de\\\/wp-content\\\/uploads\\\/2022\\\/07\\\/Logo_Kunstmarkt-Hannover_800x450.jpg\",\"datePublished\":\"2022-07-19T09:50:22+00:00\",\"dateModified\":\"2026-04-18T08:05:43+00:00\",\"breadcrumb\":{\"@id\":\"https:\\\/\\\/siegmar.ahlvers.de\\\/bilder-erwerben-direkt-vom-kuenstler\\\/#breadcrumb\"},\"inLanguage\":\"en-US\",\"potentialAction\":[{\"@type\":\"ReadAction\",\"target\":[\"https:\\\/\\\/siegmar.ahlvers.de\\\/bilder-erwerben-direkt-vom-kuenstler\\\/\"]}]},{\"@type\":\"ImageObject\",\"inLanguage\":\"en-US\",\"@id\":\"https:\\\/\\\/siegmar.ahlvers.de\\\/bilder-erwerben-direkt-vom-kuenstler\\\/#primaryimage\",\"url\":\"https:\\\/\\\/siegmar.ahlvers.de\\\/wp-content\\\/uploads\\\/2022\\\/07\\\/Logo_Kunstmarkt-Hannover_800x450.jpg\",\"contentUrl\":\"https:\\\/\\\/siegmar.ahlvers.de\\\/wp-content\\\/uploads\\\/2022\\\/07\\\/Logo_Kunstmarkt-Hannover_800x450.jpg\"},{\"@type\":\"BreadcrumbList\",\"@id\":\"https:\\\/\\\/siegmar.ahlvers.de\\\/bilder-erwerben-direkt-vom-kuenstler\\\/#breadcrumb\",\"itemListElement\":[{\"@type\":\"ListItem\",\"position\":1,\"name\":\"Startseite\",\"item\":\"https:\\\/\\\/siegmar.ahlvers.de\\\/\"},{\"@type\":\"ListItem\",\"position\":2,\"name\":\"Bilder erwerben\"}]},{\"@type\":\"WebSite\",\"@id\":\"https:\\\/\\\/siegmar.ahlvers.de\\\/#website\",\"url\":\"https:\\\/\\\/siegmar.ahlvers.de\\\/\",\"name\":\"Siegmar Ahlvers - Kunst\",\"description\":\"Die Welt als Kunstwerk\",\"publisher\":{\"@id\":\"https:\\\/\\\/siegmar.ahlvers.de\\\/#\\\/schema\\\/person\\\/28359b6064e090906ad271e9d29a2b1e\"},\"potentialAction\":[{\"@type\":\"SearchAction\",\"target\":{\"@type\":\"EntryPoint\",\"urlTemplate\":\"https:\\\/\\\/siegmar.ahlvers.de\\\/?s={search_term_string}\"},\"query-input\":{\"@type\":\"PropertyValueSpecification\",\"valueRequired\":true,\"valueName\":\"search_term_string\"}}],\"inLanguage\":\"en-US\"},{\"@type\":[\"Person\",\"Organization\"],\"@id\":\"https:\\\/\\\/siegmar.ahlvers.de\\\/#\\\/schema\\\/person\\\/28359b6064e090906ad271e9d29a2b1e\",\"name\":\"siegmar@ahlvers.de\",\"image\":{\"@type\":\"ImageObject\",\"inLanguage\":\"en-US\",\"@id\":\"https:\\\/\\\/siegmar.ahlvers.de\\\/wp-content\\\/uploads\\\/2025\\\/06\\\/cropped-AlphaSigma_200.jpg\",\"url\":\"https:\\\/\\\/siegmar.ahlvers.de\\\/wp-content\\\/uploads\\\/2025\\\/06\\\/cropped-AlphaSigma_200.jpg\",\"contentUrl\":\"https:\\\/\\\/siegmar.ahlvers.de\\\/wp-content\\\/uploads\\\/2025\\\/06\\\/cropped-AlphaSigma_200.jpg\",\"width\":512,\"height\":512,\"caption\":\"siegmar@ahlvers.de\"},\"logo\":{\"@id\":\"https:\\\/\\\/siegmar.ahlvers.de\\\/wp-content\\\/uploads\\\/2025\\\/06\\\/cropped-AlphaSigma_200.jpg\"},\"description\":\"Von der Unsch\u00e4rfe zur Form: Siegmar Ahlvers\u2019 planvolle Abstraktion Bevor Siegmar Ahlvers K\u00fcnstler wurde, suchte er als Ingenieur nach Gesetzm\u00e4\u00dfigkeiten: Messwerte, Modelle, Systeme. Parallel trug er seit Jugendtagen Skizzenb\u00fccher mit sich \u2013 getrieben von der Frage, wie sich das Unsichtbare der Welt sichtbar machen l\u00e4sst. Heisenbergs Unsch\u00e4rferelation wurde ihm zur inneren Metapher: Wirklichkeit oszilliert zwischen Wahrscheinlichkeit und Gewissheit. Seine Malerei ist der Versuch, dieser Schwebe eine Form zu geben. Der \u00f6ffentlich sichtbare Start kam 2004 mit einer kleinen Ausstellung quadratischer Aquarelle. Ein Besucher kaufte spontan mehrere Arbeiten, doch entscheidender als der Verkauf war die Einsicht, dass seine Bilder R\u00e4ume und Stimmungen sp\u00fcrbar ver\u00e4ndern. Aus der privaten Suche wurde eine Haltung; Ahlvers entwickelte seine Kunst konsequent weiter \u2013 zun\u00e4chst neben dem Beruf, sp\u00e4ter als Profession. Seine Werke entstehen planvoll. Ideen wachsen aus Tr\u00e4umen, meditativen Notizen und Studien im Skizzenbuch; daraus entstehen Entw\u00fcrfe in kleinem Format, bevor Leinwand oder Holzk\u00f6rper folgen. Die \u2013 oft grafisch\u2011geometrischen \u2013 Kompositionen bauen auf pr\u00e4ziser Bildaufteilung und bewusst gesetzter Farbdramaturgie. Material und Methode sind offen: Pinsel, Spachtel, Rollen, Schw\u00e4mme, Stifte, Folienabz\u00fcge, Alufolie, Sand, Steinchen, Kohle, Magnete \u2013 alles, was Oberfl\u00e4che und Raum zum Klingen bringt. Zugleich arbeitet Ahlvers seriell und h\u00e4lt innerhalb einer Reihe die formale Sprache konsistent, damit die Werke einzeln bestehen und gemeinsam als Ensemble wirken. Gepr\u00e4gt von christlicher Pr\u00e4gung und naturwissenschaftlichem Denken sucht Ahlvers in Mustern, Rhythmen und Farbr\u00e4umen nach den \u201einneren Strukturen\u201c der Welt. Seine planvoll komponierten, atmosph\u00e4risch dichten Arbeiten schaffen in privaten wie beruflichen R\u00e4umen eine konzentrierte, inspirierende Pr\u00e4senz \u2013 Kunst als sichtbare Ordnung im Strom des Ungewissen. Siegmar Ahlvers, Jahrgang 1957, wuchs in Langenhagen, im Weserbergland und in Celle auf und lebt seit 1978 in Hannover. \u00dcber 30 Jahre internationale Reiset\u00e4tigkeit \u2013 besonders in der Reifenindustrie \u2013 pr\u00e4gten seinen Blick; heute flie\u00dfen diese Erfahrungen sichtbar in sein Werk ein.\",\"sameAs\":[\"https:\\\/\\\/siegmar.ahlvers.de\",\"https:\\\/\\\/www.facebook.com\\\/siegmar.ahlvers\",\"https:\\\/\\\/www.instagram.com\\\/siegmarahlvers\",\"https:\\\/\\\/www.linkedin.com\\\/in\\\/siegmarahlvers\\\/\",\"https:\\\/\\\/www.youtube.com\\\/@alphasigmahannover\"]}]}<\/script>\n<!-- \/ Yoast SEO plugin. -->","yoast_head_json":{"title":"Bilder erwerben - Siegmar Ahlvers","robots":{"index":"index","follow":"follow","max-snippet":"max-snippet:-1","max-image-preview":"max-image-preview:large","max-video-preview":"max-video-preview:-1"},"canonical":"https:\/\/siegmar.ahlvers.de\/en\/bilder-erwerben-direkt-vom-kuenstler\/","og_locale":"en_US","og_type":"article","og_title":"Bilder erwerben - Siegmar Ahlvers","og_description":"Verkauf in Deutschland Meine Original-Kunstwerke biete im Online Shop bei Kunstmarkt-Hannover.de an. Bezahlung erfolgt derzeit \u00fcber Paypal oder gegen Bar bei Lieferung durch mich. F\u00fcr den Versand stimmen Sie sich mit mir ab &#8211; entweder ist Abholung direkt bei mir m\u00f6glich oder auch Zusendung oder pers\u00f6nliche Lieferung durch mich. Verkauf International Einige meiner Bildserien biete [&hellip;]","og_url":"https:\/\/siegmar.ahlvers.de\/en\/bilder-erwerben-direkt-vom-kuenstler\/","og_site_name":"Siegmar Ahlvers","article_publisher":"https:\/\/www.facebook.com\/siegmar.ahlvers","article_modified_time":"2026-04-18T08:05:43+00:00","og_image":[{"width":800,"height":450,"url":"https:\/\/siegmar.ahlvers.de\/wp-content\/uploads\/2022\/07\/Logo_Kunstmarkt-Hannover_800x450.jpg","type":"image\/jpeg"}],"twitter_card":"summary_large_image","twitter_misc":{"Est. reading time":"3 minutes"},"schema":{"@context":"https:\/\/schema.org","@graph":[{"@type":"WebPage","@id":"https:\/\/siegmar.ahlvers.de\/bilder-erwerben-direkt-vom-kuenstler\/","url":"https:\/\/siegmar.ahlvers.de\/bilder-erwerben-direkt-vom-kuenstler\/","name":"Bilder erwerben - Siegmar Ahlvers","isPartOf":{"@id":"https:\/\/siegmar.ahlvers.de\/#website"},"primaryImageOfPage":{"@id":"https:\/\/siegmar.ahlvers.de\/bilder-erwerben-direkt-vom-kuenstler\/#primaryimage"},"image":{"@id":"https:\/\/siegmar.ahlvers.de\/bilder-erwerben-direkt-vom-kuenstler\/#primaryimage"},"thumbnailUrl":"https:\/\/siegmar.ahlvers.de\/wp-content\/uploads\/2022\/07\/Logo_Kunstmarkt-Hannover_800x450.jpg","datePublished":"2022-07-19T09:50:22+00:00","dateModified":"2026-04-18T08:05:43+00:00","breadcrumb":{"@id":"https:\/\/siegmar.ahlvers.de\/bilder-erwerben-direkt-vom-kuenstler\/#breadcrumb"},"inLanguage":"en-US","potentialAction":[{"@type":"ReadAction","target":["https:\/\/siegmar.ahlvers.de\/bilder-erwerben-direkt-vom-kuenstler\/"]}]},{"@type":"ImageObject","inLanguage":"en-US","@id":"https:\/\/siegmar.ahlvers.de\/bilder-erwerben-direkt-vom-kuenstler\/#primaryimage","url":"https:\/\/siegmar.ahlvers.de\/wp-content\/uploads\/2022\/07\/Logo_Kunstmarkt-Hannover_800x450.jpg","contentUrl":"https:\/\/siegmar.ahlvers.de\/wp-content\/uploads\/2022\/07\/Logo_Kunstmarkt-Hannover_800x450.jpg"},{"@type":"BreadcrumbList","@id":"https:\/\/siegmar.ahlvers.de\/bilder-erwerben-direkt-vom-kuenstler\/#breadcrumb","itemListElement":[{"@type":"ListItem","position":1,"name":"Startseite","item":"https:\/\/siegmar.ahlvers.de\/"},{"@type":"ListItem","position":2,"name":"Bilder erwerben"}]},{"@type":"WebSite","@id":"https:\/\/siegmar.ahlvers.de\/#website","url":"https:\/\/siegmar.ahlvers.de\/","name":"Siegmar Ahlvers - Kunst","description":"The world as a work of art","publisher":{"@id":"https:\/\/siegmar.ahlvers.de\/#\/schema\/person\/28359b6064e090906ad271e9d29a2b1e"},"potentialAction":[{"@type":"SearchAction","target":{"@type":"EntryPoint","urlTemplate":"https:\/\/siegmar.ahlvers.de\/?s={search_term_string}"},"query-input":{"@type":"PropertyValueSpecification","valueRequired":true,"valueName":"search_term_string"}}],"inLanguage":"en-US"},{"@type":["Person","Organization"],"@id":"https:\/\/siegmar.ahlvers.de\/#\/schema\/person\/28359b6064e090906ad271e9d29a2b1e","name":"siegmar@ahlvers.de","image":{"@type":"ImageObject","inLanguage":"en-US","@id":"https:\/\/siegmar.ahlvers.de\/wp-content\/uploads\/2025\/06\/cropped-AlphaSigma_200.jpg","url":"https:\/\/siegmar.ahlvers.de\/wp-content\/uploads\/2025\/06\/cropped-AlphaSigma_200.jpg","contentUrl":"https:\/\/siegmar.ahlvers.de\/wp-content\/uploads\/2025\/06\/cropped-AlphaSigma_200.jpg","width":512,"height":512,"caption":"siegmar@ahlvers.de"},"logo":{"@id":"https:\/\/siegmar.ahlvers.de\/wp-content\/uploads\/2025\/06\/cropped-AlphaSigma_200.jpg"},"description":"Von der Unsch\u00e4rfe zur Form: Siegmar Ahlvers\u2019 planvolle Abstraktion Bevor Siegmar Ahlvers K\u00fcnstler wurde, suchte er als Ingenieur nach Gesetzm\u00e4\u00dfigkeiten: Messwerte, Modelle, Systeme. Parallel trug er seit Jugendtagen Skizzenb\u00fccher mit sich \u2013 getrieben von der Frage, wie sich das Unsichtbare der Welt sichtbar machen l\u00e4sst. Heisenbergs Unsch\u00e4rferelation wurde ihm zur inneren Metapher: Wirklichkeit oszilliert zwischen Wahrscheinlichkeit und Gewissheit. Seine Malerei ist der Versuch, dieser Schwebe eine Form zu geben. Der \u00f6ffentlich sichtbare Start kam 2004 mit einer kleinen Ausstellung quadratischer Aquarelle. Ein Besucher kaufte spontan mehrere Arbeiten, doch entscheidender als der Verkauf war die Einsicht, dass seine Bilder R\u00e4ume und Stimmungen sp\u00fcrbar ver\u00e4ndern. Aus der privaten Suche wurde eine Haltung; Ahlvers entwickelte seine Kunst konsequent weiter \u2013 zun\u00e4chst neben dem Beruf, sp\u00e4ter als Profession. Seine Werke entstehen planvoll. Ideen wachsen aus Tr\u00e4umen, meditativen Notizen und Studien im Skizzenbuch; daraus entstehen Entw\u00fcrfe in kleinem Format, bevor Leinwand oder Holzk\u00f6rper folgen. Die \u2013 oft grafisch\u2011geometrischen \u2013 Kompositionen bauen auf pr\u00e4ziser Bildaufteilung und bewusst gesetzter Farbdramaturgie. Material und Methode sind offen: Pinsel, Spachtel, Rollen, Schw\u00e4mme, Stifte, Folienabz\u00fcge, Alufolie, Sand, Steinchen, Kohle, Magnete \u2013 alles, was Oberfl\u00e4che und Raum zum Klingen bringt. Zugleich arbeitet Ahlvers seriell und h\u00e4lt innerhalb einer Reihe die formale Sprache konsistent, damit die Werke einzeln bestehen und gemeinsam als Ensemble wirken. Gepr\u00e4gt von christlicher Pr\u00e4gung und naturwissenschaftlichem Denken sucht Ahlvers in Mustern, Rhythmen und Farbr\u00e4umen nach den \u201einneren Strukturen\u201c der Welt. Seine planvoll komponierten, atmosph\u00e4risch dichten Arbeiten schaffen in privaten wie beruflichen R\u00e4umen eine konzentrierte, inspirierende Pr\u00e4senz \u2013 Kunst als sichtbare Ordnung im Strom des Ungewissen. Siegmar Ahlvers, Jahrgang 1957, wuchs in Langenhagen, im Weserbergland und in Celle auf und lebt seit 1978 in Hannover. \u00dcber 30 Jahre internationale Reiset\u00e4tigkeit \u2013 besonders in der Reifenindustrie \u2013 pr\u00e4gten seinen Blick; heute flie\u00dfen diese Erfahrungen sichtbar in sein Werk ein.","sameAs":["https:\/\/siegmar.ahlvers.de","https:\/\/www.facebook.com\/siegmar.ahlvers","https:\/\/www.instagram.com\/siegmarahlvers","https:\/\/www.linkedin.com\/in\/siegmarahlvers\/","https:\/\/www.youtube.com\/@alphasigmahannover"]}]}},"_links":{"self":[{"href":"https:\/\/siegmar.ahlvers.de\/en\/wp-json\/wp\/v2\/pages\/31","targetHints":{"allow":["GET"]}}],"collection":[{"href":"https:\/\/siegmar.ahlvers.de\/en\/wp-json\/wp\/v2\/pages"}],"about":[{"href":"https:\/\/siegmar.ahlvers.de\/en\/wp-json\/wp\/v2\/types\/page"}],"author":[{"embeddable":true,"href":"https:\/\/siegmar.ahlvers.de\/en\/wp-json\/wp\/v2\/users\/1"}],"replies":[{"embeddable":true,"href":"https:\/\/siegmar.ahlvers.de\/en\/wp-json\/wp\/v2\/comments?post=31"}],"version-history":[{"count":10,"href":"https:\/\/siegmar.ahlvers.de\/en\/wp-json\/wp\/v2\/pages\/31\/revisions"}],"predecessor-version":[{"id":2529,"href":"https:\/\/siegmar.ahlvers.de\/en\/wp-json\/wp\/v2\/pages\/31\/revisions\/2529"}],"wp:attachment":[{"href":"https:\/\/siegmar.ahlvers.de\/en\/wp-json\/wp\/v2\/media?parent=31"}],"curies":[{"name":"wp","href":"https:\/\/api.w.org\/{rel}","templated":true}]}}