{"id":257,"date":"2023-09-08T10:11:48","date_gmt":"2023-09-08T08:11:48","guid":{"rendered":"https:\/\/siegmar.ahlvers.de\/?page_id=257"},"modified":"2025-09-10T10:12:07","modified_gmt":"2025-09-10T08:12:07","slug":"digital-artworks-my-nfts","status":"publish","type":"page","link":"https:\/\/siegmar.ahlvers.de\/en\/digital-artworks-my-nfts\/","title":{"rendered":"Digital Artworks"},"content":{"rendered":"<div data-elementor-type=\"wp-page\" data-elementor-id=\"257\" class=\"elementor elementor-257\" data-elementor-post-type=\"page\">\n\t\t\t\t<div class=\"elementor-element elementor-element-7b78ebc8 e-flex e-con-boxed e-con e-parent\" data-id=\"7b78ebc8\" data-element_type=\"container\" data-e-type=\"container\">\n\t\t\t\t\t<div class=\"e-con-inner\">\n\t\t\t\t<div class=\"elementor-element elementor-element-322e5b83 elementor-widget elementor-widget-text-editor\" data-id=\"322e5b83\" data-element_type=\"widget\" data-e-type=\"widget\" data-widget_type=\"text-editor.default\">\n\t\t\t\t\t\t\t\t\t\n<h2 class=\"wp-block-heading\">Junglefantasy.art<\/h2>\n\n<p class=\"translation-block\">The website <a href=\"https:\/\/junglefantasy.art\/\" target=\"_self\">Junglefantasy.art<\/a> is online. Here I present an original artwork, \"In The Jungle.\" This work took about two hours to create using a very large palette knife. It measures 100x120cm and was created with acrylic paints.<\/p>\n\n<p class=\"translation-block\">The three examples 1-3 are sections of the painting that were photographed and subsequently processed to create independent works of art. I have taken approximately 2,000 high-resolution photos of small sections of this painting, \"In The Jungle,\" and I am gradually presenting new jungle fantasy works as art prints. Some are already available here in the shop or are offered worldwide via <a href=\"https:\/\/pixels.com\/art\/siegmar\" target=\"_self\">pixels.com<\/a>.<\/p>\n\n<figure class=\"wp-block-gallery has-nested-images columns-default is-cropped wp-block-gallery-3 is-layout-flex wp-block-gallery-is-layout-flex\">\n<figure class=\"wp-block-image size-large\"><img fetchpriority=\"high\" decoding=\"async\" width=\"1024\" height=\"682\" data-id=\"334\" class=\"wp-image-334\" src=\"https:\/\/siegmar.ahlvers.de\/wp-content\/uploads\/2024\/01\/DSC01418_V01_Jungle-Fantasy-1024x682.jpg\" alt=\"\" srcset=\"https:\/\/siegmar.ahlvers.de\/wp-content\/uploads\/2024\/01\/DSC01418_V01_Jungle-Fantasy-1024x682.jpg 1024w, https:\/\/siegmar.ahlvers.de\/wp-content\/uploads\/2024\/01\/DSC01418_V01_Jungle-Fantasy-300x200.jpg 300w, https:\/\/siegmar.ahlvers.de\/wp-content\/uploads\/2024\/01\/DSC01418_V01_Jungle-Fantasy-768x512.jpg 768w, https:\/\/siegmar.ahlvers.de\/wp-content\/uploads\/2024\/01\/DSC01418_V01_Jungle-Fantasy-1536x1024.jpg 1536w, https:\/\/siegmar.ahlvers.de\/wp-content\/uploads\/2024\/01\/DSC01418_V01_Jungle-Fantasy-18x12.jpg 18w, https:\/\/siegmar.ahlvers.de\/wp-content\/uploads\/2024\/01\/DSC01418_V01_Jungle-Fantasy.jpg 2000w\" sizes=\"(max-width: 1024px) 100vw, 1024px\" \/>\n<figcaption class=\"wp-element-caption\">Jungle Fantasy example 3<\/figcaption>\n<\/figure>\n\n<figure class=\"wp-block-image size-large\"><img decoding=\"async\" width=\"1024\" height=\"683\" data-id=\"325\" class=\"wp-image-325\" src=\"https:\/\/siegmar.ahlvers.de\/wp-content\/uploads\/2024\/01\/JungleFantasy_053_01-vignettiert_klein-1024x683.jpg\" alt=\"\" srcset=\"https:\/\/siegmar.ahlvers.de\/wp-content\/uploads\/2024\/01\/JungleFantasy_053_01-vignettiert_klein-1024x683.jpg 1024w, https:\/\/siegmar.ahlvers.de\/wp-content\/uploads\/2024\/01\/JungleFantasy_053_01-vignettiert_klein-300x200.jpg 300w, https:\/\/siegmar.ahlvers.de\/wp-content\/uploads\/2024\/01\/JungleFantasy_053_01-vignettiert_klein-768x512.jpg 768w, https:\/\/siegmar.ahlvers.de\/wp-content\/uploads\/2024\/01\/JungleFantasy_053_01-vignettiert_klein-18x12.jpg 18w, https:\/\/siegmar.ahlvers.de\/wp-content\/uploads\/2024\/01\/JungleFantasy_053_01-vignettiert_klein.jpg 1200w\" sizes=\"(max-width: 1024px) 100vw, 1024px\" \/>\n<figcaption class=\"wp-element-caption\">Jungle Fantasy example 1<\/figcaption>\n<\/figure>\n\n<figure class=\"wp-block-image size-large\"><img decoding=\"async\" width=\"1024\" height=\"683\" data-id=\"327\" class=\"wp-image-327\" src=\"https:\/\/siegmar.ahlvers.de\/wp-content\/uploads\/2024\/01\/JungleFantasy_071_01-vignettiert_klein-1024x683.jpg\" alt=\"\" srcset=\"https:\/\/siegmar.ahlvers.de\/wp-content\/uploads\/2024\/01\/JungleFantasy_071_01-vignettiert_klein-1024x683.jpg 1024w, https:\/\/siegmar.ahlvers.de\/wp-content\/uploads\/2024\/01\/JungleFantasy_071_01-vignettiert_klein-300x200.jpg 300w, https:\/\/siegmar.ahlvers.de\/wp-content\/uploads\/2024\/01\/JungleFantasy_071_01-vignettiert_klein-768x512.jpg 768w, https:\/\/siegmar.ahlvers.de\/wp-content\/uploads\/2024\/01\/JungleFantasy_071_01-vignettiert_klein-18x12.jpg 18w, https:\/\/siegmar.ahlvers.de\/wp-content\/uploads\/2024\/01\/JungleFantasy_071_01-vignettiert_klein.jpg 1200w\" sizes=\"(max-width: 1024px) 100vw, 1024px\" \/>\n<figcaption class=\"wp-element-caption\"><br \/>Jungle Fantasy example 2<\/figcaption>\n<\/figure>\n\n<figure class=\"wp-block-image size-large\"><img loading=\"lazy\" decoding=\"async\" width=\"640\" height=\"531\" data-id=\"163\" class=\"wp-image-163\" src=\"https:\/\/siegmar.ahlvers.de\/wp-content\/uploads\/2022\/07\/894-1.jpg\" alt=\"\" srcset=\"https:\/\/siegmar.ahlvers.de\/wp-content\/uploads\/2022\/07\/894-1.jpg 640w, https:\/\/siegmar.ahlvers.de\/wp-content\/uploads\/2022\/07\/894-1-300x249.jpg 300w\" sizes=\"(max-width: 640px) 100vw, 640px\" \/>\n<figcaption class=\"wp-element-caption\">In The Jungle<\/figcaption>\n<\/figure>\n<\/figure>\n\n<h1 class=\"wp-block-heading\">My NFT&#8217;s<\/h1>\n\n<p class=\"translation-block\">On <a href=\"https:\/\/opensea.io\/de-DE\/collection\/alphasigma-abstract-views\" target=\"_self\">Opensea <\/a> you can currently find my collection of NFTs \u201cAbstract Views\u201d.<\/p>\n\n<p><strong>NOTE: I only accept requests for my NFTs directly on OPENSEA, not via Instagram or Facebook!<\/strong><\/p>\n\n<h2 class=\"wp-block-heading\">Blue Cascade<\/h2>\n\n<figure class=\"wp-block-gallery has-nested-images columns-default is-cropped wp-block-gallery-4 is-layout-flex wp-block-gallery-is-layout-flex\">\n<figure class=\"wp-block-image size-large\"><img loading=\"lazy\" decoding=\"async\" width=\"1024\" height=\"1024\" data-id=\"256\" class=\"wp-image-256\" src=\"https:\/\/siegmar.ahlvers.de\/wp-content\/uploads\/2023\/09\/BlueCascade_Atelier-1024x1024.jpg\" alt=\"\" srcset=\"https:\/\/siegmar.ahlvers.de\/wp-content\/uploads\/2023\/09\/BlueCascade_Atelier-1024x1024.jpg 1024w, https:\/\/siegmar.ahlvers.de\/wp-content\/uploads\/2023\/09\/BlueCascade_Atelier-300x300.jpg 300w, https:\/\/siegmar.ahlvers.de\/wp-content\/uploads\/2023\/09\/BlueCascade_Atelier-150x150.jpg 150w, https:\/\/siegmar.ahlvers.de\/wp-content\/uploads\/2023\/09\/BlueCascade_Atelier-768x768.jpg 768w, https:\/\/siegmar.ahlvers.de\/wp-content\/uploads\/2023\/09\/BlueCascade_Atelier-1536x1536.jpg 1536w, https:\/\/siegmar.ahlvers.de\/wp-content\/uploads\/2023\/09\/BlueCascade_Atelier-2048x2048.jpg 2048w\" sizes=\"(max-width: 1024px) 100vw, 1024px\" \/>\n<figcaption class=\"wp-element-caption\">Blue Cascade in my Studio<\/figcaption>\n<\/figure>\n\n<figure class=\"wp-block-image size-large\"><img loading=\"lazy\" decoding=\"async\" width=\"1024\" height=\"1024\" data-id=\"255\" class=\"wp-image-255\" src=\"https:\/\/siegmar.ahlvers.de\/wp-content\/uploads\/2023\/09\/BlueCascade-1024x1024.jpg\" alt=\"\" srcset=\"https:\/\/siegmar.ahlvers.de\/wp-content\/uploads\/2023\/09\/BlueCascade-1024x1024.jpg 1024w, https:\/\/siegmar.ahlvers.de\/wp-content\/uploads\/2023\/09\/BlueCascade-300x300.jpg 300w, https:\/\/siegmar.ahlvers.de\/wp-content\/uploads\/2023\/09\/BlueCascade-150x150.jpg 150w, https:\/\/siegmar.ahlvers.de\/wp-content\/uploads\/2023\/09\/BlueCascade-768x768.jpg 768w, https:\/\/siegmar.ahlvers.de\/wp-content\/uploads\/2023\/09\/BlueCascade-1536x1536.jpg 1536w, https:\/\/siegmar.ahlvers.de\/wp-content\/uploads\/2023\/09\/BlueCascade-2048x2048.jpg 2048w\" sizes=\"(max-width: 1024px) 100vw, 1024px\" \/>\n<figcaption class=\"wp-element-caption\">Blue Cascade<\/figcaption>\n<\/figure>\n<\/figure>\n\n<h2 class=\"wp-block-heading\">Confusion<\/h2>\n\n<figure class=\"wp-block-image size-large\"><img loading=\"lazy\" decoding=\"async\" width=\"1024\" height=\"759\" class=\"wp-image-262\" src=\"https:\/\/siegmar.ahlvers.de\/wp-content\/uploads\/2023\/09\/Confusion-1024x759.jpg\" alt=\"Confusion\" srcset=\"https:\/\/siegmar.ahlvers.de\/wp-content\/uploads\/2023\/09\/Confusion-1024x759.jpg 1024w, https:\/\/siegmar.ahlvers.de\/wp-content\/uploads\/2023\/09\/Confusion-300x222.jpg 300w, https:\/\/siegmar.ahlvers.de\/wp-content\/uploads\/2023\/09\/Confusion-768x569.jpg 768w, https:\/\/siegmar.ahlvers.de\/wp-content\/uploads\/2023\/09\/Confusion-1536x1138.jpg 1536w, https:\/\/siegmar.ahlvers.de\/wp-content\/uploads\/2023\/09\/Confusion.jpg 2004w\" sizes=\"(max-width: 1024px) 100vw, 1024px\" \/>\n<figcaption class=\"wp-element-caption\">Confusion<\/figcaption>\n<\/figure>\n\n<h2 class=\"wp-block-heading\">Coppice<\/h2>\n\n<figure class=\"wp-block-image size-full\"><img loading=\"lazy\" decoding=\"async\" width=\"300\" height=\"360\" class=\"wp-image-32\" src=\"https:\/\/siegmar.ahlvers.de\/wp-content\/uploads\/2022\/07\/874.jpg\" alt=\"\" srcset=\"https:\/\/siegmar.ahlvers.de\/wp-content\/uploads\/2022\/07\/874.jpg 300w, https:\/\/siegmar.ahlvers.de\/wp-content\/uploads\/2022\/07\/874-250x300.jpg 250w\" sizes=\"(max-width: 300px) 100vw, 300px\" \/>\n<figcaption class=\"wp-element-caption\">Coppice<\/figcaption>\n<\/figure>\n\n<h2 class=\"wp-block-heading\">Gods Eye<\/h2>\n\n<figure class=\"wp-block-image size-full\"><img loading=\"lazy\" decoding=\"async\" width=\"497\" height=\"500\" class=\"wp-image-160\" src=\"https:\/\/siegmar.ahlvers.de\/wp-content\/uploads\/2022\/07\/1026.jpg\" alt=\"\" srcset=\"https:\/\/siegmar.ahlvers.de\/wp-content\/uploads\/2022\/07\/1026.jpg 497w, https:\/\/siegmar.ahlvers.de\/wp-content\/uploads\/2022\/07\/1026-298x300.jpg 298w, https:\/\/siegmar.ahlvers.de\/wp-content\/uploads\/2022\/07\/1026-150x150.jpg 150w\" sizes=\"(max-width: 497px) 100vw, 497px\" \/>\n<figcaption class=\"wp-element-caption\">Gods Eye<br \/><br \/>\n<h3 class=\"wp-block-heading\">NFT<\/h3>\n\n<p class=\"translation-block\">Are you interested in digital artwork? Then purchase my NFTs. Take a look directly at my <a href=\"https:\/\/opensea.io\/collection\/alphasigma-abstract-views\" target=\"_self\">OPENSEA Gallery<\/a>. Contact me there with your inquiry. I do not provide any information on this topic via Instagram or Facebook.<\/p>\n\n<figure class=\"wp-block-image size-large is-resized\"><a href=\"https:\/\/opensea.io\/collection\/alphasigma-abstract-views\"><img decoding=\"async\" class=\"wp-image-474\" style=\"width: 362px; height: auto;\" src=\"https:\/\/siegmar.ahlvers.de\/wp-content\/uploads\/2024\/11\/Opensea-AbstractSideAndTopViews-808x1024.jpg\" alt=\"\" \/><\/a><\/figure>\n<\/figcaption>\n<\/figure>\n\t\t\t\t\t\t\t\t<\/div>\n\t\t\t\t\t<\/div>\n\t\t\t\t<\/div>\n\t\t\t\t<\/div>","protected":false},"excerpt":{"rendered":"<p>Junglefantasy.art Die Website Junglefantasy.art ist online. Hier zeige ich ein Original-Kunstwerk &#8222;Im Dschungel&#8220; \/ &#8222;In The Jungle&#8220;. Dieses entstand durch eine etwa zweist\u00fcndige Arbeit mit einem sehr gro\u00dfen Spachtel. Es hat die Gr\u00f6\u00dfe von 100x120cm und wurde mit Acrylfarben erstellt. Die 3 Beispiele example 1 &#8211; 3 sind Ausschnitte aus dem Gem\u00e4lde, die durch Abfotografieren [&hellip;]<\/p>\n","protected":false},"author":1,"featured_media":0,"parent":0,"menu_order":0,"comment_status":"closed","ping_status":"closed","template":"","meta":{"footnotes":""},"class_list":["post-257","page","type-page","status-publish","hentry"],"yoast_head":"<!-- This site is optimized with the Yoast SEO plugin v27.5 - https:\/\/yoast.com\/product\/yoast-seo-wordpress\/ -->\n<title>Digital Artworks - Siegmar Ahlvers<\/title>\n<meta name=\"robots\" content=\"index, follow, max-snippet:-1, max-image-preview:large, max-video-preview:-1\" \/>\n<link rel=\"canonical\" href=\"https:\/\/siegmar.ahlvers.de\/en\/digital-artworks-my-nfts\/\" \/>\n<meta property=\"og:locale\" content=\"en_US\" \/>\n<meta property=\"og:type\" content=\"article\" \/>\n<meta property=\"og:title\" content=\"Digital Artworks - Siegmar Ahlvers\" \/>\n<meta property=\"og:description\" content=\"Junglefantasy.art Die Website Junglefantasy.art ist online. Hier zeige ich ein Original-Kunstwerk &#8222;Im Dschungel&#8220; \/ &#8222;In The Jungle&#8220;. Dieses entstand durch eine etwa zweist\u00fcndige Arbeit mit einem sehr gro\u00dfen Spachtel. Es hat die Gr\u00f6\u00dfe von 100x120cm und wurde mit Acrylfarben erstellt. Die 3 Beispiele example 1 &#8211; 3 sind Ausschnitte aus dem Gem\u00e4lde, die durch Abfotografieren [&hellip;]\" \/>\n<meta property=\"og:url\" content=\"https:\/\/siegmar.ahlvers.de\/en\/digital-artworks-my-nfts\/\" \/>\n<meta property=\"og:site_name\" content=\"Siegmar Ahlvers\" \/>\n<meta property=\"article:publisher\" content=\"https:\/\/www.facebook.com\/siegmar.ahlvers\" \/>\n<meta property=\"article:modified_time\" content=\"2025-09-10T08:12:07+00:00\" \/>\n<meta property=\"og:image\" content=\"https:\/\/siegmar.ahlvers.de\/wp-content\/uploads\/2024\/01\/DSC01418_V01_Jungle-Fantasy.jpg\" \/>\n\t<meta property=\"og:image:width\" content=\"2000\" \/>\n\t<meta property=\"og:image:height\" content=\"1333\" \/>\n\t<meta property=\"og:image:type\" content=\"image\/jpeg\" \/>\n<meta name=\"twitter:card\" content=\"summary_large_image\" \/>\n<meta name=\"twitter:label1\" content=\"Est. reading time\" \/>\n\t<meta name=\"twitter:data1\" content=\"4 minutes\" \/>\n<script type=\"application\/ld+json\" class=\"yoast-schema-graph\">{\"@context\":\"https:\\\/\\\/schema.org\",\"@graph\":[{\"@type\":\"WebPage\",\"@id\":\"https:\\\/\\\/siegmar.ahlvers.de\\\/digital-artworks-my-nfts\\\/\",\"url\":\"https:\\\/\\\/siegmar.ahlvers.de\\\/digital-artworks-my-nfts\\\/\",\"name\":\"Digital Artworks - Siegmar Ahlvers\",\"isPartOf\":{\"@id\":\"https:\\\/\\\/siegmar.ahlvers.de\\\/#website\"},\"primaryImageOfPage\":{\"@id\":\"https:\\\/\\\/siegmar.ahlvers.de\\\/digital-artworks-my-nfts\\\/#primaryimage\"},\"image\":{\"@id\":\"https:\\\/\\\/siegmar.ahlvers.de\\\/digital-artworks-my-nfts\\\/#primaryimage\"},\"thumbnailUrl\":\"https:\\\/\\\/siegmar.ahlvers.de\\\/wp-content\\\/uploads\\\/2024\\\/01\\\/DSC01418_V01_Jungle-Fantasy-1024x682.jpg\",\"datePublished\":\"2023-09-08T08:11:48+00:00\",\"dateModified\":\"2025-09-10T08:12:07+00:00\",\"breadcrumb\":{\"@id\":\"https:\\\/\\\/siegmar.ahlvers.de\\\/digital-artworks-my-nfts\\\/#breadcrumb\"},\"inLanguage\":\"en-US\",\"potentialAction\":[{\"@type\":\"ReadAction\",\"target\":[\"https:\\\/\\\/siegmar.ahlvers.de\\\/digital-artworks-my-nfts\\\/\"]}]},{\"@type\":\"ImageObject\",\"inLanguage\":\"en-US\",\"@id\":\"https:\\\/\\\/siegmar.ahlvers.de\\\/digital-artworks-my-nfts\\\/#primaryimage\",\"url\":\"https:\\\/\\\/siegmar.ahlvers.de\\\/wp-content\\\/uploads\\\/2024\\\/01\\\/DSC01418_V01_Jungle-Fantasy-1024x682.jpg\",\"contentUrl\":\"https:\\\/\\\/siegmar.ahlvers.de\\\/wp-content\\\/uploads\\\/2024\\\/01\\\/DSC01418_V01_Jungle-Fantasy-1024x682.jpg\"},{\"@type\":\"BreadcrumbList\",\"@id\":\"https:\\\/\\\/siegmar.ahlvers.de\\\/digital-artworks-my-nfts\\\/#breadcrumb\",\"itemListElement\":[{\"@type\":\"ListItem\",\"position\":1,\"name\":\"Startseite\",\"item\":\"https:\\\/\\\/siegmar.ahlvers.de\\\/\"},{\"@type\":\"ListItem\",\"position\":2,\"name\":\"Digital Artworks\"}]},{\"@type\":\"WebSite\",\"@id\":\"https:\\\/\\\/siegmar.ahlvers.de\\\/#website\",\"url\":\"https:\\\/\\\/siegmar.ahlvers.de\\\/\",\"name\":\"Siegmar Ahlvers - Kunst\",\"description\":\"Die Welt als Kunstwerk\",\"publisher\":{\"@id\":\"https:\\\/\\\/siegmar.ahlvers.de\\\/#\\\/schema\\\/person\\\/28359b6064e090906ad271e9d29a2b1e\"},\"potentialAction\":[{\"@type\":\"SearchAction\",\"target\":{\"@type\":\"EntryPoint\",\"urlTemplate\":\"https:\\\/\\\/siegmar.ahlvers.de\\\/?s={search_term_string}\"},\"query-input\":{\"@type\":\"PropertyValueSpecification\",\"valueRequired\":true,\"valueName\":\"search_term_string\"}}],\"inLanguage\":\"en-US\"},{\"@type\":[\"Person\",\"Organization\"],\"@id\":\"https:\\\/\\\/siegmar.ahlvers.de\\\/#\\\/schema\\\/person\\\/28359b6064e090906ad271e9d29a2b1e\",\"name\":\"siegmar@ahlvers.de\",\"image\":{\"@type\":\"ImageObject\",\"inLanguage\":\"en-US\",\"@id\":\"https:\\\/\\\/siegmar.ahlvers.de\\\/wp-content\\\/uploads\\\/2025\\\/06\\\/cropped-AlphaSigma_200.jpg\",\"url\":\"https:\\\/\\\/siegmar.ahlvers.de\\\/wp-content\\\/uploads\\\/2025\\\/06\\\/cropped-AlphaSigma_200.jpg\",\"contentUrl\":\"https:\\\/\\\/siegmar.ahlvers.de\\\/wp-content\\\/uploads\\\/2025\\\/06\\\/cropped-AlphaSigma_200.jpg\",\"width\":512,\"height\":512,\"caption\":\"siegmar@ahlvers.de\"},\"logo\":{\"@id\":\"https:\\\/\\\/siegmar.ahlvers.de\\\/wp-content\\\/uploads\\\/2025\\\/06\\\/cropped-AlphaSigma_200.jpg\"},\"description\":\"Von der Unsch\u00e4rfe zur Form: Siegmar Ahlvers\u2019 planvolle Abstraktion Bevor Siegmar Ahlvers K\u00fcnstler wurde, suchte er als Ingenieur nach Gesetzm\u00e4\u00dfigkeiten: Messwerte, Modelle, Systeme. Parallel trug er seit Jugendtagen Skizzenb\u00fccher mit sich \u2013 getrieben von der Frage, wie sich das Unsichtbare der Welt sichtbar machen l\u00e4sst. Heisenbergs Unsch\u00e4rferelation wurde ihm zur inneren Metapher: Wirklichkeit oszilliert zwischen Wahrscheinlichkeit und Gewissheit. Seine Malerei ist der Versuch, dieser Schwebe eine Form zu geben. Der \u00f6ffentlich sichtbare Start kam 2004 mit einer kleinen Ausstellung quadratischer Aquarelle. Ein Besucher kaufte spontan mehrere Arbeiten, doch entscheidender als der Verkauf war die Einsicht, dass seine Bilder R\u00e4ume und Stimmungen sp\u00fcrbar ver\u00e4ndern. Aus der privaten Suche wurde eine Haltung; Ahlvers entwickelte seine Kunst konsequent weiter \u2013 zun\u00e4chst neben dem Beruf, sp\u00e4ter als Profession. Seine Werke entstehen planvoll. Ideen wachsen aus Tr\u00e4umen, meditativen Notizen und Studien im Skizzenbuch; daraus entstehen Entw\u00fcrfe in kleinem Format, bevor Leinwand oder Holzk\u00f6rper folgen. Die \u2013 oft grafisch\u2011geometrischen \u2013 Kompositionen bauen auf pr\u00e4ziser Bildaufteilung und bewusst gesetzter Farbdramaturgie. Material und Methode sind offen: Pinsel, Spachtel, Rollen, Schw\u00e4mme, Stifte, Folienabz\u00fcge, Alufolie, Sand, Steinchen, Kohle, Magnete \u2013 alles, was Oberfl\u00e4che und Raum zum Klingen bringt. Zugleich arbeitet Ahlvers seriell und h\u00e4lt innerhalb einer Reihe die formale Sprache konsistent, damit die Werke einzeln bestehen und gemeinsam als Ensemble wirken. Gepr\u00e4gt von christlicher Pr\u00e4gung und naturwissenschaftlichem Denken sucht Ahlvers in Mustern, Rhythmen und Farbr\u00e4umen nach den \u201einneren Strukturen\u201c der Welt. Seine planvoll komponierten, atmosph\u00e4risch dichten Arbeiten schaffen in privaten wie beruflichen R\u00e4umen eine konzentrierte, inspirierende Pr\u00e4senz \u2013 Kunst als sichtbare Ordnung im Strom des Ungewissen. Siegmar Ahlvers, Jahrgang 1957, wuchs in Langenhagen, im Weserbergland und in Celle auf und lebt seit 1978 in Hannover. \u00dcber 30 Jahre internationale Reiset\u00e4tigkeit \u2013 besonders in der Reifenindustrie \u2013 pr\u00e4gten seinen Blick; heute flie\u00dfen diese Erfahrungen sichtbar in sein Werk ein.\",\"sameAs\":[\"https:\\\/\\\/siegmar.ahlvers.de\",\"https:\\\/\\\/www.facebook.com\\\/siegmar.ahlvers\",\"https:\\\/\\\/www.instagram.com\\\/siegmarahlvers\",\"https:\\\/\\\/www.linkedin.com\\\/in\\\/siegmarahlvers\\\/\",\"https:\\\/\\\/www.youtube.com\\\/@alphasigmahannover\"]}]}<\/script>\n<!-- \/ Yoast SEO plugin. -->","yoast_head_json":{"title":"Digital Artworks - Siegmar Ahlvers","robots":{"index":"index","follow":"follow","max-snippet":"max-snippet:-1","max-image-preview":"max-image-preview:large","max-video-preview":"max-video-preview:-1"},"canonical":"https:\/\/siegmar.ahlvers.de\/en\/digital-artworks-my-nfts\/","og_locale":"en_US","og_type":"article","og_title":"Digital Artworks - Siegmar Ahlvers","og_description":"Junglefantasy.art Die Website Junglefantasy.art ist online. Hier zeige ich ein Original-Kunstwerk &#8222;Im Dschungel&#8220; \/ &#8222;In The Jungle&#8220;. Dieses entstand durch eine etwa zweist\u00fcndige Arbeit mit einem sehr gro\u00dfen Spachtel. Es hat die Gr\u00f6\u00dfe von 100x120cm und wurde mit Acrylfarben erstellt. Die 3 Beispiele example 1 &#8211; 3 sind Ausschnitte aus dem Gem\u00e4lde, die durch Abfotografieren [&hellip;]","og_url":"https:\/\/siegmar.ahlvers.de\/en\/digital-artworks-my-nfts\/","og_site_name":"Siegmar Ahlvers","article_publisher":"https:\/\/www.facebook.com\/siegmar.ahlvers","article_modified_time":"2025-09-10T08:12:07+00:00","og_image":[{"width":2000,"height":1333,"url":"https:\/\/siegmar.ahlvers.de\/wp-content\/uploads\/2024\/01\/DSC01418_V01_Jungle-Fantasy.jpg","type":"image\/jpeg"}],"twitter_card":"summary_large_image","twitter_misc":{"Est. reading time":"4 minutes"},"schema":{"@context":"https:\/\/schema.org","@graph":[{"@type":"WebPage","@id":"https:\/\/siegmar.ahlvers.de\/digital-artworks-my-nfts\/","url":"https:\/\/siegmar.ahlvers.de\/digital-artworks-my-nfts\/","name":"Digital Artworks - Siegmar Ahlvers","isPartOf":{"@id":"https:\/\/siegmar.ahlvers.de\/#website"},"primaryImageOfPage":{"@id":"https:\/\/siegmar.ahlvers.de\/digital-artworks-my-nfts\/#primaryimage"},"image":{"@id":"https:\/\/siegmar.ahlvers.de\/digital-artworks-my-nfts\/#primaryimage"},"thumbnailUrl":"https:\/\/siegmar.ahlvers.de\/wp-content\/uploads\/2024\/01\/DSC01418_V01_Jungle-Fantasy-1024x682.jpg","datePublished":"2023-09-08T08:11:48+00:00","dateModified":"2025-09-10T08:12:07+00:00","breadcrumb":{"@id":"https:\/\/siegmar.ahlvers.de\/digital-artworks-my-nfts\/#breadcrumb"},"inLanguage":"en-US","potentialAction":[{"@type":"ReadAction","target":["https:\/\/siegmar.ahlvers.de\/digital-artworks-my-nfts\/"]}]},{"@type":"ImageObject","inLanguage":"en-US","@id":"https:\/\/siegmar.ahlvers.de\/digital-artworks-my-nfts\/#primaryimage","url":"https:\/\/siegmar.ahlvers.de\/wp-content\/uploads\/2024\/01\/DSC01418_V01_Jungle-Fantasy-1024x682.jpg","contentUrl":"https:\/\/siegmar.ahlvers.de\/wp-content\/uploads\/2024\/01\/DSC01418_V01_Jungle-Fantasy-1024x682.jpg"},{"@type":"BreadcrumbList","@id":"https:\/\/siegmar.ahlvers.de\/digital-artworks-my-nfts\/#breadcrumb","itemListElement":[{"@type":"ListItem","position":1,"name":"Startseite","item":"https:\/\/siegmar.ahlvers.de\/"},{"@type":"ListItem","position":2,"name":"Digital Artworks"}]},{"@type":"WebSite","@id":"https:\/\/siegmar.ahlvers.de\/#website","url":"https:\/\/siegmar.ahlvers.de\/","name":"Siegmar Ahlvers - Kunst","description":"The world as a work of art","publisher":{"@id":"https:\/\/siegmar.ahlvers.de\/#\/schema\/person\/28359b6064e090906ad271e9d29a2b1e"},"potentialAction":[{"@type":"SearchAction","target":{"@type":"EntryPoint","urlTemplate":"https:\/\/siegmar.ahlvers.de\/?s={search_term_string}"},"query-input":{"@type":"PropertyValueSpecification","valueRequired":true,"valueName":"search_term_string"}}],"inLanguage":"en-US"},{"@type":["Person","Organization"],"@id":"https:\/\/siegmar.ahlvers.de\/#\/schema\/person\/28359b6064e090906ad271e9d29a2b1e","name":"siegmar@ahlvers.de","image":{"@type":"ImageObject","inLanguage":"en-US","@id":"https:\/\/siegmar.ahlvers.de\/wp-content\/uploads\/2025\/06\/cropped-AlphaSigma_200.jpg","url":"https:\/\/siegmar.ahlvers.de\/wp-content\/uploads\/2025\/06\/cropped-AlphaSigma_200.jpg","contentUrl":"https:\/\/siegmar.ahlvers.de\/wp-content\/uploads\/2025\/06\/cropped-AlphaSigma_200.jpg","width":512,"height":512,"caption":"siegmar@ahlvers.de"},"logo":{"@id":"https:\/\/siegmar.ahlvers.de\/wp-content\/uploads\/2025\/06\/cropped-AlphaSigma_200.jpg"},"description":"Von der Unsch\u00e4rfe zur Form: Siegmar Ahlvers\u2019 planvolle Abstraktion Bevor Siegmar Ahlvers K\u00fcnstler wurde, suchte er als Ingenieur nach Gesetzm\u00e4\u00dfigkeiten: Messwerte, Modelle, Systeme. Parallel trug er seit Jugendtagen Skizzenb\u00fccher mit sich \u2013 getrieben von der Frage, wie sich das Unsichtbare der Welt sichtbar machen l\u00e4sst. Heisenbergs Unsch\u00e4rferelation wurde ihm zur inneren Metapher: Wirklichkeit oszilliert zwischen Wahrscheinlichkeit und Gewissheit. Seine Malerei ist der Versuch, dieser Schwebe eine Form zu geben. Der \u00f6ffentlich sichtbare Start kam 2004 mit einer kleinen Ausstellung quadratischer Aquarelle. Ein Besucher kaufte spontan mehrere Arbeiten, doch entscheidender als der Verkauf war die Einsicht, dass seine Bilder R\u00e4ume und Stimmungen sp\u00fcrbar ver\u00e4ndern. Aus der privaten Suche wurde eine Haltung; Ahlvers entwickelte seine Kunst konsequent weiter \u2013 zun\u00e4chst neben dem Beruf, sp\u00e4ter als Profession. Seine Werke entstehen planvoll. Ideen wachsen aus Tr\u00e4umen, meditativen Notizen und Studien im Skizzenbuch; daraus entstehen Entw\u00fcrfe in kleinem Format, bevor Leinwand oder Holzk\u00f6rper folgen. Die \u2013 oft grafisch\u2011geometrischen \u2013 Kompositionen bauen auf pr\u00e4ziser Bildaufteilung und bewusst gesetzter Farbdramaturgie. Material und Methode sind offen: Pinsel, Spachtel, Rollen, Schw\u00e4mme, Stifte, Folienabz\u00fcge, Alufolie, Sand, Steinchen, Kohle, Magnete \u2013 alles, was Oberfl\u00e4che und Raum zum Klingen bringt. Zugleich arbeitet Ahlvers seriell und h\u00e4lt innerhalb einer Reihe die formale Sprache konsistent, damit die Werke einzeln bestehen und gemeinsam als Ensemble wirken. Gepr\u00e4gt von christlicher Pr\u00e4gung und naturwissenschaftlichem Denken sucht Ahlvers in Mustern, Rhythmen und Farbr\u00e4umen nach den \u201einneren Strukturen\u201c der Welt. Seine planvoll komponierten, atmosph\u00e4risch dichten Arbeiten schaffen in privaten wie beruflichen R\u00e4umen eine konzentrierte, inspirierende Pr\u00e4senz \u2013 Kunst als sichtbare Ordnung im Strom des Ungewissen. Siegmar Ahlvers, Jahrgang 1957, wuchs in Langenhagen, im Weserbergland und in Celle auf und lebt seit 1978 in Hannover. \u00dcber 30 Jahre internationale Reiset\u00e4tigkeit \u2013 besonders in der Reifenindustrie \u2013 pr\u00e4gten seinen Blick; heute flie\u00dfen diese Erfahrungen sichtbar in sein Werk ein.","sameAs":["https:\/\/siegmar.ahlvers.de","https:\/\/www.facebook.com\/siegmar.ahlvers","https:\/\/www.instagram.com\/siegmarahlvers","https:\/\/www.linkedin.com\/in\/siegmarahlvers\/","https:\/\/www.youtube.com\/@alphasigmahannover"]}]}},"_links":{"self":[{"href":"https:\/\/siegmar.ahlvers.de\/en\/wp-json\/wp\/v2\/pages\/257","targetHints":{"allow":["GET"]}}],"collection":[{"href":"https:\/\/siegmar.ahlvers.de\/en\/wp-json\/wp\/v2\/pages"}],"about":[{"href":"https:\/\/siegmar.ahlvers.de\/en\/wp-json\/wp\/v2\/types\/page"}],"author":[{"embeddable":true,"href":"https:\/\/siegmar.ahlvers.de\/en\/wp-json\/wp\/v2\/users\/1"}],"replies":[{"embeddable":true,"href":"https:\/\/siegmar.ahlvers.de\/en\/wp-json\/wp\/v2\/comments?post=257"}],"version-history":[{"count":11,"href":"https:\/\/siegmar.ahlvers.de\/en\/wp-json\/wp\/v2\/pages\/257\/revisions"}],"predecessor-version":[{"id":2455,"href":"https:\/\/siegmar.ahlvers.de\/en\/wp-json\/wp\/v2\/pages\/257\/revisions\/2455"}],"wp:attachment":[{"href":"https:\/\/siegmar.ahlvers.de\/en\/wp-json\/wp\/v2\/media?parent=257"}],"curies":[{"name":"wp","href":"https:\/\/api.w.org\/{rel}","templated":true}]}}