{"id":130,"date":"2022-07-19T13:01:32","date_gmt":"2022-07-19T11:01:32","guid":{"rendered":"https:\/\/siegmar.ahlvers.de\/?page_id=130"},"modified":"2025-12-16T11:49:26","modified_gmt":"2025-12-16T10:49:26","slug":"siegmar-ahlvers-2","status":"publish","type":"page","link":"https:\/\/siegmar.ahlvers.de\/en\/","title":{"rendered":"The Artist"},"content":{"rendered":"<div data-elementor-type=\"wp-page\" data-elementor-id=\"130\" class=\"elementor elementor-130\" data-elementor-post-type=\"page\">\n\t\t\t\t<div class=\"elementor-element elementor-element-f03ba4b e-con-full e-flex e-con e-parent\" data-id=\"f03ba4b\" data-element_type=\"container\" data-e-type=\"container\">\n\t\t\t\t<div class=\"elementor-element elementor-element-ebe927c elementor-widget__width-inherit elementor--h-position-center elementor--v-position-middle elementor-arrows-position-inside elementor-invisible elementor-widget elementor-widget-slides\" data-id=\"ebe927c\" data-element_type=\"widget\" data-e-type=\"widget\" data-settings=\"{&quot;_animation&quot;:&quot;fadeIn&quot;,&quot;transition&quot;:&quot;fade&quot;,&quot;navigation&quot;:&quot;arrows&quot;,&quot;transition_speed&quot;:1000,&quot;autoplay&quot;:&quot;yes&quot;,&quot;autoplay_speed&quot;:5000,&quot;infinite&quot;:&quot;yes&quot;}\" data-widget_type=\"slides.default\">\n\t\t\t\t\t\t\t\t\t\t<div class=\"elementor-slides-wrapper elementor-main-swiper swiper\" role=\"region\" aria-roledescription=\"carousel\" aria-label=\"Slider\" dir=\"ltr\" data-animation=\"\">\n\t\t\t\t<div class=\"swiper-wrapper elementor-slides\">\n\t\t\t\t\t\t\t\t\t\t<div class=\"elementor-repeater-item-17381fd swiper-slide\" role=\"group\" aria-roledescription=\"slide\"><div class=\"swiper-slide-bg elementor-ken-burns elementor-ken-burns--in\" role=\"img\" aria-label=\"SiegmarAhlvers-Profil_DmitrySysalin_Nr0052_Hintergrund-unscharf_Handschuhe-Hautfarbe\"><\/div><div class=\"elementor-background-overlay\"><\/div><div class=\"swiper-slide-inner\" ><div class=\"swiper-slide-contents\"><\/div><\/div><\/div><div class=\"elementor-repeater-item-eafd67a swiper-slide\" role=\"group\" aria-roledescription=\"slide\"><div class=\"swiper-slide-bg elementor-ken-burns elementor-ken-burns--in\" role=\"img\" aria-label=\"SiegmarAhlvers-Profil_DmitrySysalin_Nr0029_Hintergrund-unscharf\"><\/div><div class=\"elementor-background-overlay\"><\/div><div class=\"swiper-slide-inner\" ><div class=\"swiper-slide-contents\"><\/div><\/div><\/div><div class=\"elementor-repeater-item-1734825 swiper-slide\" role=\"group\" aria-roledescription=\"slide\"><div class=\"swiper-slide-bg elementor-ken-burns elementor-ken-burns--in\" role=\"img\" aria-label=\"SiegmarAhlvers-Profil_DmitrySysalin_Nr0015\"><\/div><div class=\"elementor-background-overlay\"><\/div><div class=\"swiper-slide-inner\" ><div class=\"swiper-slide-contents\"><\/div><\/div><\/div><div class=\"elementor-repeater-item-fef6dcf swiper-slide\" role=\"group\" aria-roledescription=\"slide\"><div class=\"swiper-slide-bg elementor-ken-burns elementor-ken-burns--in\" role=\"img\" aria-label=\"2023-06-11 Vernissage Kunstmarkt Hannover (Siegmar Ahlvers, Jarallah Ghaidan)\"><\/div><div class=\"elementor-background-overlay\"><\/div><div class=\"swiper-slide-inner\" ><div class=\"swiper-slide-contents\"><\/div><\/div><\/div><div class=\"elementor-repeater-item-a7a9af9 swiper-slide\" role=\"group\" aria-roledescription=\"slide\"><div class=\"swiper-slide-bg elementor-ken-burns elementor-ken-burns--in\" role=\"img\" aria-label=\"SiegmarAhlvers-Profil_DmitrySysalin_Nr0090_Handschuhe-Hautfarbe\"><\/div><div class=\"elementor-background-overlay\"><\/div><div class=\"swiper-slide-inner\" ><div class=\"swiper-slide-contents\"><\/div><\/div><\/div>\t\t\t\t<\/div>\n\t\t\t\t\t\t\t\t\t\t\t\t\t\t\t<div class=\"elementor-swiper-button elementor-swiper-button-prev\" role=\"button\" tabindex=\"0\" aria-label=\"Vorheriger Slide\">\n\t\t\t\t\t\t\t<svg aria-hidden=\"true\" class=\"e-font-icon-svg e-eicon-chevron-left\" viewbox=\"0 0 1000 1000\" xmlns=\"http:\/\/www.w3.org\/2000\/svg\"><path d=\"M646 125C629 125 613 133 604 142L308 442C296 454 292 471 292 487 292 504 296 521 308 533L604 854C617 867 629 875 646 875 663 875 679 871 692 858 704 846 713 829 713 812 713 796 708 779 692 767L438 487 692 225C700 217 708 204 708 187 708 171 704 154 692 142 675 129 663 125 646 125Z\"><\/path><\/svg>\t\t\t\t\t\t<\/div>\n\t\t\t\t\t\t<div class=\"elementor-swiper-button elementor-swiper-button-next\" role=\"button\" tabindex=\"0\" aria-label=\"N\u00e4chster Slide\">\n\t\t\t\t\t\t\t<svg aria-hidden=\"true\" class=\"e-font-icon-svg e-eicon-chevron-right\" viewbox=\"0 0 1000 1000\" xmlns=\"http:\/\/www.w3.org\/2000\/svg\"><path d=\"M696 533C708 521 713 504 713 487 713 471 708 454 696 446L400 146C388 133 375 125 354 125 338 125 325 129 313 142 300 154 292 171 292 187 292 204 296 221 308 233L563 492 304 771C292 783 288 800 288 817 288 833 296 850 308 863 321 871 338 875 354 875 371 875 388 867 400 854L696 533Z\"><\/path><\/svg>\t\t\t\t\t\t<\/div>\n\t\t\t\t\t\t\t\t\t\t\t\t\t\t\t\t\t<\/div>\n\t\t\t\t\t\t\t\t<\/div>\n\t\t\t\t<\/div>\n\t\t<div class=\"elementor-element elementor-element-fe4fb00 e-flex e-con-boxed e-con e-parent\" data-id=\"fe4fb00\" data-element_type=\"container\" data-e-type=\"container\">\n\t\t\t\t\t<div class=\"e-con-inner\">\n\t\t\t\t<div class=\"elementor-element elementor-element-93e24a5 elementor-widget elementor-widget-spacer\" data-id=\"93e24a5\" data-element_type=\"widget\" data-e-type=\"widget\" data-widget_type=\"spacer.default\">\n\t\t\t\t\t\t\t<div class=\"elementor-spacer\">\n\t\t\t<div class=\"elementor-spacer-inner\"><\/div>\n\t\t<\/div>\n\t\t\t\t\t\t<\/div>\n\t\t\t\t<div class=\"elementor-element elementor-element-f832c44 elementor-widget elementor-widget-heading\" data-id=\"f832c44\" data-element_type=\"widget\" data-e-type=\"widget\" data-widget_type=\"heading.default\">\n\t\t\t\t\t<h2 class=\"elementor-heading-title elementor-size-default\">The Artist<\/h2>\t\t\t\t<\/div>\n\t\t\t\t\t<\/div>\n\t\t\t\t<\/div>\n\t\t<div class=\"elementor-element elementor-element-68b17ed e-con-full e-flex e-con e-parent\" data-id=\"68b17ed\" data-element_type=\"container\" data-e-type=\"container\">\n\t\t\t\t<div class=\"elementor-element elementor-element-87e40e0 elementor-widget elementor-widget-spacer\" data-id=\"87e40e0\" data-element_type=\"widget\" data-e-type=\"widget\" data-widget_type=\"spacer.default\">\n\t\t\t\t\t\t\t<div class=\"elementor-spacer\">\n\t\t\t<div class=\"elementor-spacer-inner\"><\/div>\n\t\t<\/div>\n\t\t\t\t\t\t<\/div>\n\t\t\t\t<\/div>\n\t\t<div class=\"elementor-element elementor-element-4cab632 e-grid e-con-boxed e-con e-parent\" data-id=\"4cab632\" data-element_type=\"container\" data-e-type=\"container\">\n\t\t\t\t\t<div class=\"e-con-inner\">\n\t\t\t\t<div class=\"elementor-element elementor-element-1aea8f7 elementor-widget elementor-widget-image\" data-id=\"1aea8f7\" data-element_type=\"widget\" data-e-type=\"widget\" data-widget_type=\"image.default\">\n\t\t\t\t\t\t\t\t\t\t\t\t<figure class=\"wp-caption\">\n\t\t\t\t\t\t\t\t\t\t<img fetchpriority=\"high\" decoding=\"async\" width=\"800\" height=\"534\" src=\"https:\/\/siegmar.ahlvers.de\/wp-content\/uploads\/2025\/11\/DVS4203_Haendehautfarben_Hintergrund-unscharf-1024x683.jpg\" class=\"attachment-large size-large wp-image-2405\" alt=\"\" srcset=\"https:\/\/siegmar.ahlvers.de\/wp-content\/uploads\/2025\/11\/DVS4203_Haendehautfarben_Hintergrund-unscharf-1024x683.jpg 1024w, https:\/\/siegmar.ahlvers.de\/wp-content\/uploads\/2025\/11\/DVS4203_Haendehautfarben_Hintergrund-unscharf-300x200.jpg 300w, https:\/\/siegmar.ahlvers.de\/wp-content\/uploads\/2025\/11\/DVS4203_Haendehautfarben_Hintergrund-unscharf-768x512.jpg 768w, https:\/\/siegmar.ahlvers.de\/wp-content\/uploads\/2025\/11\/DVS4203_Haendehautfarben_Hintergrund-unscharf-1536x1024.jpg 1536w, https:\/\/siegmar.ahlvers.de\/wp-content\/uploads\/2025\/11\/DVS4203_Haendehautfarben_Hintergrund-unscharf-2048x1365.jpg 2048w, https:\/\/siegmar.ahlvers.de\/wp-content\/uploads\/2025\/11\/DVS4203_Haendehautfarben_Hintergrund-unscharf-18x12.jpg 18w\" sizes=\"(max-width: 800px) 100vw, 800px\" \/>\t\t\t\t\t\t\t\t\t\t\t<figcaption class=\"widget-image-caption wp-caption-text\">Siegmar Ahlvers in his studio<\/figcaption>\n\t\t\t\t\t\t\t\t\t\t<\/figure>\n\t\t\t\t\t\t\t\t\t<\/div>\n\t\t\t\t<div class=\"elementor-element elementor-element-1434d3d elementor-widget elementor-widget-text-editor\" data-id=\"1434d3d\" data-element_type=\"widget\" data-e-type=\"widget\" data-widget_type=\"text-editor.default\">\n\t\t\t\t\t\t\t\t\t<p>Der K\u00fcnstler Siegmar Ahlvers lebt in der weltoffenen Stadt Hannover in Deutschland. Er betrachtet die Welt als Kunstwerk. Seiner \u00dcberzeugung nach entsteht dort, wo Geist und Spiritualit\u00e4t zusammenwirken, etwas Neues, Sch\u00f6nes, Beeindruckendes.<br>In seiner beruflichen Laufbahn war Siegmar weltweit als Ingenieur unterwegs, speziell in der Reifenindustrie. Dort lernte er unterschiedliche interessante Menschen, L\u00e4nder, Kulturen kennen und sch\u00e4tzen. Die Kunst begleitete ihn aktiv eher auf seinen Urlaubsreisen, wo er immer wieder seine Eindr\u00fccke in kleinen Kunstwerken festhielt.<br>As an autodidact, he continues to develop his abstract style and directs the viewer's gaze to phenomena, structures, energies, and emotional messages that the world has in store for us.<\/p>\n<p>Hier sein <a href=\"https:\/\/siegmar.ahlvers.de\/en\/kuenstlerstatement\/\">Statement zur Kunst<\/a> und ein Blick in seine <a href=\"https:\/\/siegmar.ahlvers.de\/en\/biografie\/\">Biography<\/a>.<\/p>\t\t\t\t\t\t\t\t<\/div>\n\t\t\t\t\t<\/div>\n\t\t\t\t<\/div>\n\t\t<div class=\"elementor-element elementor-element-82819b3 e-flex e-con-boxed e-con e-parent\" data-id=\"82819b3\" data-element_type=\"container\" data-e-type=\"container\">\n\t\t\t\t\t<div class=\"e-con-inner\">\n\t\t\t\t<div class=\"elementor-element elementor-element-2496350 elementor-widget elementor-widget-text-editor\" data-id=\"2496350\" data-element_type=\"widget\" data-e-type=\"widget\" data-widget_type=\"text-editor.default\">\n\t\t\t\t\t\t\t\t\t<p style=\"text-align: center;\"><strong><em>Alle Fotos auf dieser Seite von Dzmitry Sysalin &#8211; <a href=\"https:\/\/sysalinphoto.com\">sysalinphoto.com<\/a>. He is known for his impressive portrait photography!<\/em><\/strong><\/p>\t\t\t\t\t\t\t\t<\/div>\n\t\t\t\t\t<\/div>\n\t\t\t\t<\/div>\n\t\t\t\t<\/div>","protected":false},"excerpt":{"rendered":"<p>Der K\u00fcnstler Siegmar in seinem Atelier Der K\u00fcnstler Siegmar Ahlvers lebt in der weltoffenen Stadt Hannover in Deutschland. Er betrachtet die Welt als Kunstwerk. Seiner \u00dcberzeugung nach entsteht dort, wo Geist und Spiritualit\u00e4t zusammenwirken, etwas Neues, Sch\u00f6nes, Beeindruckendes.In seiner beruflichen Laufbahn war Siegmar weltweit als Ingenieur unterwegs, speziell in der Reifenindustrie. Dort lernte er unterschiedliche [&hellip;]<\/p>\n","protected":false},"author":1,"featured_media":0,"parent":0,"menu_order":0,"comment_status":"closed","ping_status":"closed","template":"elementor_header_footer","meta":{"footnotes":""},"class_list":["post-130","page","type-page","status-publish","hentry"],"yoast_head":"<!-- This site is optimized with the Yoast SEO plugin v27.5 - https:\/\/yoast.com\/product\/yoast-seo-wordpress\/ -->\n<title>Der K\u00fcnstler - Siegmar Ahlvers<\/title>\n<meta name=\"description\" content=\"Der hannoversche K\u00fcnstler Siegmar Ahlvers zeigt hier einen Einblick in seine Malerei. Verschiedene Serien seines Schaffens zeigen unterschiedliche Themen, Formate, Techniken seiner Aquarell- und Acrylmalerei.\" \/>\n<meta name=\"robots\" content=\"index, follow, max-snippet:-1, max-image-preview:large, max-video-preview:-1\" \/>\n<link rel=\"canonical\" href=\"https:\/\/siegmar.ahlvers.de\/en\/\" \/>\n<meta property=\"og:locale\" content=\"en_US\" \/>\n<meta property=\"og:type\" content=\"article\" \/>\n<meta property=\"og:title\" content=\"Der K\u00fcnstler - Siegmar Ahlvers\" \/>\n<meta property=\"og:description\" content=\"Der hannoversche K\u00fcnstler Siegmar Ahlvers zeigt hier einen Einblick in seine Malerei. Verschiedene Serien seines Schaffens zeigen unterschiedliche Themen, Formate, Techniken seiner Aquarell- und Acrylmalerei.\" \/>\n<meta property=\"og:url\" content=\"https:\/\/siegmar.ahlvers.de\/en\/\" \/>\n<meta property=\"og:site_name\" content=\"Siegmar Ahlvers\" \/>\n<meta property=\"article:publisher\" content=\"https:\/\/www.facebook.com\/siegmar.ahlvers\" \/>\n<meta property=\"article:modified_time\" content=\"2025-12-16T10:49:26+00:00\" \/>\n<meta property=\"og:image\" content=\"https:\/\/siegmar.ahlvers.de\/wp-content\/uploads\/2025\/11\/DVS4203_Haendehautfarben_Hintergrund-unscharf-scaled.jpg\" \/>\n\t<meta property=\"og:image:width\" content=\"2560\" \/>\n\t<meta property=\"og:image:height\" content=\"1706\" \/>\n\t<meta property=\"og:image:type\" content=\"image\/jpeg\" \/>\n<meta name=\"twitter:card\" content=\"summary_large_image\" \/>\n<meta name=\"twitter:label1\" content=\"Est. reading time\" \/>\n\t<meta name=\"twitter:data1\" content=\"1 minute\" \/>\n<script type=\"application\/ld+json\" class=\"yoast-schema-graph\">{\"@context\":\"https:\\\/\\\/schema.org\",\"@graph\":[{\"@type\":\"WebPage\",\"@id\":\"https:\\\/\\\/siegmar.ahlvers.de\\\/\",\"url\":\"https:\\\/\\\/siegmar.ahlvers.de\\\/\",\"name\":\"Der K\u00fcnstler - Siegmar Ahlvers\",\"isPartOf\":{\"@id\":\"https:\\\/\\\/siegmar.ahlvers.de\\\/#website\"},\"primaryImageOfPage\":{\"@id\":\"https:\\\/\\\/siegmar.ahlvers.de\\\/#primaryimage\"},\"image\":{\"@id\":\"https:\\\/\\\/siegmar.ahlvers.de\\\/#primaryimage\"},\"thumbnailUrl\":\"https:\\\/\\\/siegmar.ahlvers.de\\\/wp-content\\\/uploads\\\/2025\\\/11\\\/DVS4203_Haendehautfarben_Hintergrund-unscharf-1024x683.jpg\",\"datePublished\":\"2022-07-19T11:01:32+00:00\",\"dateModified\":\"2025-12-16T10:49:26+00:00\",\"description\":\"Der hannoversche K\u00fcnstler Siegmar Ahlvers zeigt hier einen Einblick in seine Malerei. Verschiedene Serien seines Schaffens zeigen unterschiedliche Themen, Formate, Techniken seiner Aquarell- und Acrylmalerei.\",\"breadcrumb\":{\"@id\":\"https:\\\/\\\/siegmar.ahlvers.de\\\/#breadcrumb\"},\"inLanguage\":\"en-US\",\"potentialAction\":[{\"@type\":\"ReadAction\",\"target\":[\"https:\\\/\\\/siegmar.ahlvers.de\\\/\"]}]},{\"@type\":\"ImageObject\",\"inLanguage\":\"en-US\",\"@id\":\"https:\\\/\\\/siegmar.ahlvers.de\\\/#primaryimage\",\"url\":\"https:\\\/\\\/siegmar.ahlvers.de\\\/wp-content\\\/uploads\\\/2025\\\/11\\\/DVS4203_Haendehautfarben_Hintergrund-unscharf-1024x683.jpg\",\"contentUrl\":\"https:\\\/\\\/siegmar.ahlvers.de\\\/wp-content\\\/uploads\\\/2025\\\/11\\\/DVS4203_Haendehautfarben_Hintergrund-unscharf-1024x683.jpg\"},{\"@type\":\"BreadcrumbList\",\"@id\":\"https:\\\/\\\/siegmar.ahlvers.de\\\/#breadcrumb\",\"itemListElement\":[{\"@type\":\"ListItem\",\"position\":1,\"name\":\"Startseite\",\"item\":\"https:\\\/\\\/siegmar.ahlvers.de\\\/\"},{\"@type\":\"ListItem\",\"position\":2,\"name\":\"Der K\u00fcnstler\"}]},{\"@type\":\"WebSite\",\"@id\":\"https:\\\/\\\/siegmar.ahlvers.de\\\/#website\",\"url\":\"https:\\\/\\\/siegmar.ahlvers.de\\\/\",\"name\":\"Siegmar Ahlvers - Kunst\",\"description\":\"Die Welt als Kunstwerk\",\"publisher\":{\"@id\":\"https:\\\/\\\/siegmar.ahlvers.de\\\/#\\\/schema\\\/person\\\/28359b6064e090906ad271e9d29a2b1e\"},\"potentialAction\":[{\"@type\":\"SearchAction\",\"target\":{\"@type\":\"EntryPoint\",\"urlTemplate\":\"https:\\\/\\\/siegmar.ahlvers.de\\\/?s={search_term_string}\"},\"query-input\":{\"@type\":\"PropertyValueSpecification\",\"valueRequired\":true,\"valueName\":\"search_term_string\"}}],\"inLanguage\":\"en-US\"},{\"@type\":[\"Person\",\"Organization\"],\"@id\":\"https:\\\/\\\/siegmar.ahlvers.de\\\/#\\\/schema\\\/person\\\/28359b6064e090906ad271e9d29a2b1e\",\"name\":\"siegmar@ahlvers.de\",\"image\":{\"@type\":\"ImageObject\",\"inLanguage\":\"en-US\",\"@id\":\"https:\\\/\\\/siegmar.ahlvers.de\\\/wp-content\\\/uploads\\\/2025\\\/06\\\/cropped-AlphaSigma_200.jpg\",\"url\":\"https:\\\/\\\/siegmar.ahlvers.de\\\/wp-content\\\/uploads\\\/2025\\\/06\\\/cropped-AlphaSigma_200.jpg\",\"contentUrl\":\"https:\\\/\\\/siegmar.ahlvers.de\\\/wp-content\\\/uploads\\\/2025\\\/06\\\/cropped-AlphaSigma_200.jpg\",\"width\":512,\"height\":512,\"caption\":\"siegmar@ahlvers.de\"},\"logo\":{\"@id\":\"https:\\\/\\\/siegmar.ahlvers.de\\\/wp-content\\\/uploads\\\/2025\\\/06\\\/cropped-AlphaSigma_200.jpg\"},\"description\":\"Von der Unsch\u00e4rfe zur Form: Siegmar Ahlvers\u2019 planvolle Abstraktion Bevor Siegmar Ahlvers K\u00fcnstler wurde, suchte er als Ingenieur nach Gesetzm\u00e4\u00dfigkeiten: Messwerte, Modelle, Systeme. Parallel trug er seit Jugendtagen Skizzenb\u00fccher mit sich \u2013 getrieben von der Frage, wie sich das Unsichtbare der Welt sichtbar machen l\u00e4sst. Heisenbergs Unsch\u00e4rferelation wurde ihm zur inneren Metapher: Wirklichkeit oszilliert zwischen Wahrscheinlichkeit und Gewissheit. Seine Malerei ist der Versuch, dieser Schwebe eine Form zu geben. Der \u00f6ffentlich sichtbare Start kam 2004 mit einer kleinen Ausstellung quadratischer Aquarelle. Ein Besucher kaufte spontan mehrere Arbeiten, doch entscheidender als der Verkauf war die Einsicht, dass seine Bilder R\u00e4ume und Stimmungen sp\u00fcrbar ver\u00e4ndern. Aus der privaten Suche wurde eine Haltung; Ahlvers entwickelte seine Kunst konsequent weiter \u2013 zun\u00e4chst neben dem Beruf, sp\u00e4ter als Profession. Seine Werke entstehen planvoll. Ideen wachsen aus Tr\u00e4umen, meditativen Notizen und Studien im Skizzenbuch; daraus entstehen Entw\u00fcrfe in kleinem Format, bevor Leinwand oder Holzk\u00f6rper folgen. Die \u2013 oft grafisch\u2011geometrischen \u2013 Kompositionen bauen auf pr\u00e4ziser Bildaufteilung und bewusst gesetzter Farbdramaturgie. Material und Methode sind offen: Pinsel, Spachtel, Rollen, Schw\u00e4mme, Stifte, Folienabz\u00fcge, Alufolie, Sand, Steinchen, Kohle, Magnete \u2013 alles, was Oberfl\u00e4che und Raum zum Klingen bringt. Zugleich arbeitet Ahlvers seriell und h\u00e4lt innerhalb einer Reihe die formale Sprache konsistent, damit die Werke einzeln bestehen und gemeinsam als Ensemble wirken. Gepr\u00e4gt von christlicher Pr\u00e4gung und naturwissenschaftlichem Denken sucht Ahlvers in Mustern, Rhythmen und Farbr\u00e4umen nach den \u201einneren Strukturen\u201c der Welt. Seine planvoll komponierten, atmosph\u00e4risch dichten Arbeiten schaffen in privaten wie beruflichen R\u00e4umen eine konzentrierte, inspirierende Pr\u00e4senz \u2013 Kunst als sichtbare Ordnung im Strom des Ungewissen. Siegmar Ahlvers, Jahrgang 1957, wuchs in Langenhagen, im Weserbergland und in Celle auf und lebt seit 1978 in Hannover. \u00dcber 30 Jahre internationale Reiset\u00e4tigkeit \u2013 besonders in der Reifenindustrie \u2013 pr\u00e4gten seinen Blick; heute flie\u00dfen diese Erfahrungen sichtbar in sein Werk ein.\",\"sameAs\":[\"https:\\\/\\\/siegmar.ahlvers.de\",\"https:\\\/\\\/www.facebook.com\\\/siegmar.ahlvers\",\"https:\\\/\\\/www.instagram.com\\\/siegmarahlvers\",\"https:\\\/\\\/www.linkedin.com\\\/in\\\/siegmarahlvers\\\/\",\"https:\\\/\\\/www.youtube.com\\\/@alphasigmahannover\"]}]}<\/script>\n<!-- \/ Yoast SEO plugin. -->","yoast_head_json":{"title":"Der K\u00fcnstler - Siegmar Ahlvers","description":"Der hannoversche K\u00fcnstler Siegmar Ahlvers zeigt hier einen Einblick in seine Malerei. Verschiedene Serien seines Schaffens zeigen unterschiedliche Themen, Formate, Techniken seiner Aquarell- und Acrylmalerei.","robots":{"index":"index","follow":"follow","max-snippet":"max-snippet:-1","max-image-preview":"max-image-preview:large","max-video-preview":"max-video-preview:-1"},"canonical":"https:\/\/siegmar.ahlvers.de\/en\/","og_locale":"en_US","og_type":"article","og_title":"Der K\u00fcnstler - Siegmar Ahlvers","og_description":"Der hannoversche K\u00fcnstler Siegmar Ahlvers zeigt hier einen Einblick in seine Malerei. Verschiedene Serien seines Schaffens zeigen unterschiedliche Themen, Formate, Techniken seiner Aquarell- und Acrylmalerei.","og_url":"https:\/\/siegmar.ahlvers.de\/en\/","og_site_name":"Siegmar Ahlvers","article_publisher":"https:\/\/www.facebook.com\/siegmar.ahlvers","article_modified_time":"2025-12-16T10:49:26+00:00","og_image":[{"width":2560,"height":1706,"url":"https:\/\/siegmar.ahlvers.de\/wp-content\/uploads\/2025\/11\/DVS4203_Haendehautfarben_Hintergrund-unscharf-scaled.jpg","type":"image\/jpeg"}],"twitter_card":"summary_large_image","twitter_misc":{"Est. reading time":"1 minute"},"schema":{"@context":"https:\/\/schema.org","@graph":[{"@type":"WebPage","@id":"https:\/\/siegmar.ahlvers.de\/","url":"https:\/\/siegmar.ahlvers.de\/","name":"Der K\u00fcnstler - Siegmar Ahlvers","isPartOf":{"@id":"https:\/\/siegmar.ahlvers.de\/#website"},"primaryImageOfPage":{"@id":"https:\/\/siegmar.ahlvers.de\/#primaryimage"},"image":{"@id":"https:\/\/siegmar.ahlvers.de\/#primaryimage"},"thumbnailUrl":"https:\/\/siegmar.ahlvers.de\/wp-content\/uploads\/2025\/11\/DVS4203_Haendehautfarben_Hintergrund-unscharf-1024x683.jpg","datePublished":"2022-07-19T11:01:32+00:00","dateModified":"2025-12-16T10:49:26+00:00","description":"Der hannoversche K\u00fcnstler Siegmar Ahlvers zeigt hier einen Einblick in seine Malerei. Verschiedene Serien seines Schaffens zeigen unterschiedliche Themen, Formate, Techniken seiner Aquarell- und Acrylmalerei.","breadcrumb":{"@id":"https:\/\/siegmar.ahlvers.de\/#breadcrumb"},"inLanguage":"en-US","potentialAction":[{"@type":"ReadAction","target":["https:\/\/siegmar.ahlvers.de\/"]}]},{"@type":"ImageObject","inLanguage":"en-US","@id":"https:\/\/siegmar.ahlvers.de\/#primaryimage","url":"https:\/\/siegmar.ahlvers.de\/wp-content\/uploads\/2025\/11\/DVS4203_Haendehautfarben_Hintergrund-unscharf-1024x683.jpg","contentUrl":"https:\/\/siegmar.ahlvers.de\/wp-content\/uploads\/2025\/11\/DVS4203_Haendehautfarben_Hintergrund-unscharf-1024x683.jpg"},{"@type":"BreadcrumbList","@id":"https:\/\/siegmar.ahlvers.de\/#breadcrumb","itemListElement":[{"@type":"ListItem","position":1,"name":"Startseite","item":"https:\/\/siegmar.ahlvers.de\/"},{"@type":"ListItem","position":2,"name":"Der K\u00fcnstler"}]},{"@type":"WebSite","@id":"https:\/\/siegmar.ahlvers.de\/#website","url":"https:\/\/siegmar.ahlvers.de\/","name":"Siegmar Ahlvers - Kunst","description":"The world as a work of art","publisher":{"@id":"https:\/\/siegmar.ahlvers.de\/#\/schema\/person\/28359b6064e090906ad271e9d29a2b1e"},"potentialAction":[{"@type":"SearchAction","target":{"@type":"EntryPoint","urlTemplate":"https:\/\/siegmar.ahlvers.de\/?s={search_term_string}"},"query-input":{"@type":"PropertyValueSpecification","valueRequired":true,"valueName":"search_term_string"}}],"inLanguage":"en-US"},{"@type":["Person","Organization"],"@id":"https:\/\/siegmar.ahlvers.de\/#\/schema\/person\/28359b6064e090906ad271e9d29a2b1e","name":"siegmar@ahlvers.de","image":{"@type":"ImageObject","inLanguage":"en-US","@id":"https:\/\/siegmar.ahlvers.de\/wp-content\/uploads\/2025\/06\/cropped-AlphaSigma_200.jpg","url":"https:\/\/siegmar.ahlvers.de\/wp-content\/uploads\/2025\/06\/cropped-AlphaSigma_200.jpg","contentUrl":"https:\/\/siegmar.ahlvers.de\/wp-content\/uploads\/2025\/06\/cropped-AlphaSigma_200.jpg","width":512,"height":512,"caption":"siegmar@ahlvers.de"},"logo":{"@id":"https:\/\/siegmar.ahlvers.de\/wp-content\/uploads\/2025\/06\/cropped-AlphaSigma_200.jpg"},"description":"Von der Unsch\u00e4rfe zur Form: Siegmar Ahlvers\u2019 planvolle Abstraktion Bevor Siegmar Ahlvers K\u00fcnstler wurde, suchte er als Ingenieur nach Gesetzm\u00e4\u00dfigkeiten: Messwerte, Modelle, Systeme. Parallel trug er seit Jugendtagen Skizzenb\u00fccher mit sich \u2013 getrieben von der Frage, wie sich das Unsichtbare der Welt sichtbar machen l\u00e4sst. Heisenbergs Unsch\u00e4rferelation wurde ihm zur inneren Metapher: Wirklichkeit oszilliert zwischen Wahrscheinlichkeit und Gewissheit. Seine Malerei ist der Versuch, dieser Schwebe eine Form zu geben. Der \u00f6ffentlich sichtbare Start kam 2004 mit einer kleinen Ausstellung quadratischer Aquarelle. Ein Besucher kaufte spontan mehrere Arbeiten, doch entscheidender als der Verkauf war die Einsicht, dass seine Bilder R\u00e4ume und Stimmungen sp\u00fcrbar ver\u00e4ndern. Aus der privaten Suche wurde eine Haltung; Ahlvers entwickelte seine Kunst konsequent weiter \u2013 zun\u00e4chst neben dem Beruf, sp\u00e4ter als Profession. Seine Werke entstehen planvoll. Ideen wachsen aus Tr\u00e4umen, meditativen Notizen und Studien im Skizzenbuch; daraus entstehen Entw\u00fcrfe in kleinem Format, bevor Leinwand oder Holzk\u00f6rper folgen. Die \u2013 oft grafisch\u2011geometrischen \u2013 Kompositionen bauen auf pr\u00e4ziser Bildaufteilung und bewusst gesetzter Farbdramaturgie. Material und Methode sind offen: Pinsel, Spachtel, Rollen, Schw\u00e4mme, Stifte, Folienabz\u00fcge, Alufolie, Sand, Steinchen, Kohle, Magnete \u2013 alles, was Oberfl\u00e4che und Raum zum Klingen bringt. Zugleich arbeitet Ahlvers seriell und h\u00e4lt innerhalb einer Reihe die formale Sprache konsistent, damit die Werke einzeln bestehen und gemeinsam als Ensemble wirken. Gepr\u00e4gt von christlicher Pr\u00e4gung und naturwissenschaftlichem Denken sucht Ahlvers in Mustern, Rhythmen und Farbr\u00e4umen nach den \u201einneren Strukturen\u201c der Welt. Seine planvoll komponierten, atmosph\u00e4risch dichten Arbeiten schaffen in privaten wie beruflichen R\u00e4umen eine konzentrierte, inspirierende Pr\u00e4senz \u2013 Kunst als sichtbare Ordnung im Strom des Ungewissen. Siegmar Ahlvers, Jahrgang 1957, wuchs in Langenhagen, im Weserbergland und in Celle auf und lebt seit 1978 in Hannover. \u00dcber 30 Jahre internationale Reiset\u00e4tigkeit \u2013 besonders in der Reifenindustrie \u2013 pr\u00e4gten seinen Blick; heute flie\u00dfen diese Erfahrungen sichtbar in sein Werk ein.","sameAs":["https:\/\/siegmar.ahlvers.de","https:\/\/www.facebook.com\/siegmar.ahlvers","https:\/\/www.instagram.com\/siegmarahlvers","https:\/\/www.linkedin.com\/in\/siegmarahlvers\/","https:\/\/www.youtube.com\/@alphasigmahannover"]}]}},"_links":{"self":[{"href":"https:\/\/siegmar.ahlvers.de\/en\/wp-json\/wp\/v2\/pages\/130","targetHints":{"allow":["GET"]}}],"collection":[{"href":"https:\/\/siegmar.ahlvers.de\/en\/wp-json\/wp\/v2\/pages"}],"about":[{"href":"https:\/\/siegmar.ahlvers.de\/en\/wp-json\/wp\/v2\/types\/page"}],"author":[{"embeddable":true,"href":"https:\/\/siegmar.ahlvers.de\/en\/wp-json\/wp\/v2\/users\/1"}],"replies":[{"embeddable":true,"href":"https:\/\/siegmar.ahlvers.de\/en\/wp-json\/wp\/v2\/comments?post=130"}],"version-history":[{"count":10,"href":"https:\/\/siegmar.ahlvers.de\/en\/wp-json\/wp\/v2\/pages\/130\/revisions"}],"predecessor-version":[{"id":2468,"href":"https:\/\/siegmar.ahlvers.de\/en\/wp-json\/wp\/v2\/pages\/130\/revisions\/2468"}],"wp:attachment":[{"href":"https:\/\/siegmar.ahlvers.de\/en\/wp-json\/wp\/v2\/media?parent=130"}],"curies":[{"name":"wp","href":"https:\/\/api.w.org\/{rel}","templated":true}]}}