{"id":10,"date":"2022-07-19T11:29:48","date_gmt":"2022-07-19T09:29:48","guid":{"rendered":"https:\/\/siegmar.ahlvers.de\/?page_id=10"},"modified":"2025-10-15T18:02:37","modified_gmt":"2025-10-15T16:02:37","slug":"kontakt","status":"publish","type":"page","link":"https:\/\/siegmar.ahlvers.de\/en\/kontakt\/","title":{"rendered":"Contact"},"content":{"rendered":"\t\t<div data-elementor-type=\"wp-page\" data-elementor-id=\"10\" class=\"elementor elementor-10\" data-elementor-post-type=\"page\">\n\t\t\t\t<div class=\"elementor-element elementor-element-34f56d85 e-flex e-con-boxed e-con e-parent\" data-id=\"34f56d85\" data-element_type=\"container\" data-e-type=\"container\">\n\t\t\t\t\t<div class=\"e-con-inner\">\n\t\t\t\t<div class=\"elementor-element elementor-element-67ec2e11 elementor-widget elementor-widget-text-editor\" data-id=\"67ec2e11\" data-element_type=\"widget\" data-e-type=\"widget\" data-widget_type=\"text-editor.default\">\n\t\t\t\t\t\t\t\t\t<h2 style=\"line-height: 0.5;\">Anschrift<\/h2>\n<p><!-- \/wp:paragraph --><!-- wp:paragraph {\"style\":{\"typography\":{\"lineHeight\":\"0.5\"}}} --><\/p>\n<p style=\"line-height: 0.5;\">Siegmar Ahlvers<\/p>\n<p><!-- \/wp:paragraph --><!-- wp:paragraph {\"style\":{\"typography\":{\"lineHeight\":\"0.5\"}}} --><\/p>\n<p style=\"line-height: 0.5;\">Im Buchenfelde 9b<\/p>\n<p><!-- \/wp:paragraph --><!-- wp:paragraph {\"style\":{\"typography\":{\"lineHeight\":\"0.5\"}}} --><\/p>\n<p style=\"line-height: 0.5;\">30539 Hannover<\/p>\n<p>Deutschland<\/p>\n<p><!-- \/wp:paragraph --><!-- wp:paragraph {\"style\":{\"typography\":{\"lineHeight\":\"0.5\"}}} --><\/p>\n<p style=\"line-height: 0.5;\">E-Mail an <a href=\"mailto:siegmar@ahlvers.de\">Siegmar Ahlvers<\/a><\/p>\n<div class=\"con-kit-col\" data-col-lg=\"12\" data-col-md=\"12\" data-col-sm=\"24\">\n<div class=\"con-kit-molecule-textBlock\" data-molecule=\"text-block\" data-id=\"6358598d-7331-40ac-bd73-2f35642edb2a\" data-kit-radius=\"4\" data-kit-align-horizontal=\"left\" data-kit-align-vertical=\"middle\" data-kit-frame=\"transparent\">\n<div class=\"con-kit-component-atom-list\">\n<div class=\"con-kit-animation__atom\" data-atom=\"header\" data-id=\"196c1c68-02b1-4bb1-af5d-d2399100acc5\" data-mode=\"vertical\" data-atom-horizontal=\"left\" data-atom-vertical=\"middle\">\n<div class=\"con-kit-atom-header\">\n<div class=\"con-kit-component-header\" data-text-prop=\"text\" data-font-kit-type=\"custom\">\n<p class=\"con-kit-quark con-kit-quark-paragraph\" data-quark=\"block\" data-font-kit-type=\"custom\" data-block-key=\"8m1sv\"><span style=\"font-size: 16px;\">Allgemeine Anfragen \/ Presse: <\/span><span style=\"font-size: 1rem;\">siegmar@ahlvers.de<\/span><\/p>\n<\/div>\n<\/div>\n<\/div>\n<div class=\"con-kit-animation__atom\" data-atom=\"list\" data-id=\"f8d0d9c8-a93d-4e47-b7f8-1a61375e3cb2\" data-mode=\"vertical\" data-atom-horizontal=\"left\" data-atom-vertical=\"middle\">\n<div class=\"con-kit-atom-list con-kit-atom-list--style-lineTopBottom con-kit-atom-list--toggle-plus\">\n<div class=\"con-kit-component-grid-list con-kit-component-grid-list--columns-1 con-kit-component-grid-list--zero-vertical con-kit-component-grid-list--zero-horizontal\">\n<div class=\"con-kit-component-grid-list-item con-kit-animation__item con-kit-component-grid-list-item--first-row con-kit-component-grid-list-item--first-of-row con-kit-component-grid-list-item--first-in-row con-kit-component-grid-list-item--last-in-row con-kit-animation__grid_item\">\n<div class=\"con-kit-component-list-item\" data-kit-frame=\"lineTopBottom\" data-kit-radius=\"4\" data-list-item-index=\"0\">\n<div class=\"con-kit-component-list-item__content\">\n<div class=\"con-kit-component-list-item__body\">\n<div class=\"con-kit-component-list-plain\" data-font-kit-type=\"l\">\n<div class=\"con-kit-component-text\" data-text-prop=\"plain_text\" data-font-kit-type=\"l\" data-style-prefix=\"plain_\">\n<div data-quark=\"block\" data-font-kit-type=\"l\" data-block-key=\"8m1sv\">\n<div class=\"con-kit-component-list-item__head\">\n<div class=\"con-kit-component-list-header\">\n<div class=\"con-kit-component-header con-kit-component-header--subheader\" data-text-prop=\"header_text\" data-style-prefix=\"header_\" data-font-kit-type=\"m\">\n<h3 class=\"con-kit-quark con-kit-quark-paragraph\" data-quark=\"block\" data-font-kit-type=\"m\" data-block-key=\"8m1sv\">Kaufanfragen \/ Preisauskunft \/ Informationen zu Werken<\/h3>\n<\/div>\n<\/div>\n<\/div>\n<div class=\"con-kit-component-list-item__body\">\n<div class=\"con-kit-component-list-plain\" data-font-kit-type=\"l\">\n<div class=\"con-kit-atom__effects\" data-parent-color-ctx=\"{&quot;colorBg&quot;:&quot;white&quot;,&quot;colorBgType&quot;:&quot;palette&quot;,&quot;colorBgAlpha&quot;:1,&quot;colorBgFormat&quot;:[255,255,255],&quot;colorBgVariant&quot;:&quot;__root&quot;,&quot;colorText&quot;:&quot;dark&quot;,&quot;colorTextType&quot;:&quot;auto&quot;,&quot;colorTextAlpha&quot;:1,&quot;colorTextFormat&quot;:[7,7,26],&quot;colorTextVariant&quot;:&quot;text&quot;}\">Bitte nutzen Sie das Formular:<\/div>\n<\/div>\n<\/div>\n<\/div>\n<\/div>\n<\/div>\n<\/div>\n<\/div>\n<\/div>\n<\/div>\n<\/div>\n<\/div>\n<\/div>\n<\/div>\n<\/div>\n<\/div>\n<p><!-- \/wp:paragraph --><!-- wp:heading --><\/p>\n<p><!-- \/wp:paragraph --><\/p>\t\t\t\t\t\t\t\t<\/div>\n\t\t\t\t\t<\/div>\n\t\t\t\t<\/div>\n\t\t<div class=\"elementor-element elementor-element-0ce92be e-grid e-con-boxed e-con e-parent\" data-id=\"0ce92be\" data-element_type=\"container\" data-e-type=\"container\">\n\t\t\t\t\t<div class=\"e-con-inner\">\n\t\t\t\t<div class=\"elementor-element elementor-element-2f85628 elementor-button-align-stretch elementor-widget elementor-widget-form\" data-id=\"2f85628\" data-element_type=\"widget\" data-e-type=\"widget\" data-settings=\"{&quot;step_next_label&quot;:&quot;N\\u00e4chster&quot;,&quot;step_previous_label&quot;:&quot;Voriger&quot;,&quot;button_width&quot;:&quot;100&quot;,&quot;step_type&quot;:&quot;number_text&quot;,&quot;step_icon_shape&quot;:&quot;circle&quot;}\" data-widget_type=\"form.default\">\n\t\t\t\t\t\t\t<form class=\"elementor-form\" method=\"post\" name=\"Kaufanfrage \/ Preisauskunft\" aria-label=\"Kaufanfrage \/ Preisauskunft\">\n\t\t\t<input type=\"hidden\" name=\"post_id\" value=\"10\"\/>\n\t\t\t<input type=\"hidden\" name=\"form_id\" value=\"2f85628\"\/>\n\t\t\t<input type=\"hidden\" name=\"referer_title\" value=\"Kontakt - Siegmar Ahlvers\" \/>\n\n\t\t\t\t\t\t\t<input type=\"hidden\" name=\"queried_id\" value=\"10\"\/>\n\t\t\t\n\t\t\t<div class=\"elementor-form-fields-wrapper elementor-labels-above\">\n\t\t\t\t\t\t\t\t<div class=\"elementor-field-type-text elementor-field-group elementor-column elementor-field-group-field_f3a3b67 elementor-col-100 elementor-field-required elementor-mark-required\">\n\t\t\t\t\t\t\t\t\t\t\t\t<label for=\"form-field-field_f3a3b67\" class=\"elementor-field-label\">\n\t\t\t\t\t\t\t\tName\t\t\t\t\t\t\t<\/label>\n\t\t\t\t\t\t\t\t\t\t\t\t\t\t<input size=\"1\" type=\"text\" name=\"form_fields[field_f3a3b67]\" id=\"form-field-field_f3a3b67\" class=\"elementor-field elementor-size-sm  elementor-field-textual\" placeholder=\"Name\" required=\"required\">\n\t\t\t\t\t\t\t\t\t\t\t<\/div>\n\t\t\t\t\t\t\t\t<div class=\"elementor-field-type-email elementor-field-group elementor-column elementor-field-group-email elementor-col-100 elementor-field-required elementor-mark-required\">\n\t\t\t\t\t\t\t\t\t\t\t\t<label for=\"form-field-email\" class=\"elementor-field-label\">\n\t\t\t\t\t\t\t\tE-Mail\t\t\t\t\t\t\t<\/label>\n\t\t\t\t\t\t\t\t\t\t\t\t\t\t<input size=\"1\" type=\"email\" name=\"form_fields[email]\" id=\"form-field-email\" class=\"elementor-field elementor-size-sm  elementor-field-textual\" placeholder=\"E-Mail\" required=\"required\">\n\t\t\t\t\t\t\t\t\t\t\t<\/div>\n\t\t\t\t\t\t\t\t<div class=\"elementor-field-type-text elementor-field-group elementor-column elementor-field-group-field_2a21d9c elementor-col-100\">\n\t\t\t\t\t\t\t\t\t\t\t\t<label for=\"form-field-field_2a21d9c\" class=\"elementor-field-label\">\n\t\t\t\t\t\t\t\tTelefon:\t\t\t\t\t\t\t<\/label>\n\t\t\t\t\t\t\t\t\t\t\t\t\t\t<input size=\"1\" type=\"text\" name=\"form_fields[field_2a21d9c]\" id=\"form-field-field_2a21d9c\" class=\"elementor-field elementor-size-sm  elementor-field-textual\">\n\t\t\t\t\t\t\t\t\t\t\t<\/div>\n\t\t\t\t\t\t\t\t<div class=\"elementor-field-type-text elementor-field-group elementor-column elementor-field-group-field_fa621cd elementor-col-100 elementor-field-required elementor-mark-required\">\n\t\t\t\t\t\t\t\t\t\t\t\t<label for=\"form-field-field_fa621cd\" class=\"elementor-field-label\">\n\t\t\t\t\t\t\t\tWie haben Sie von Siegmar Ahlvers erfahren?\t\t\t\t\t\t\t<\/label>\n\t\t\t\t\t\t\t\t\t\t\t\t\t\t<input size=\"1\" type=\"text\" name=\"form_fields[field_fa621cd]\" id=\"form-field-field_fa621cd\" class=\"elementor-field elementor-size-sm  elementor-field-textual\" required=\"required\">\n\t\t\t\t\t\t\t\t\t\t\t<\/div>\n\t\t\t\t\t\t\t\t<div class=\"elementor-field-type-text elementor-field-group elementor-column elementor-field-group-field_94c782e elementor-col-100\">\n\t\t\t\t\t\t\t\t\t\t\t\t<label for=\"form-field-field_94c782e\" class=\"elementor-field-label\">\n\t\t\t\t\t\t\t\tWelches Kunstwerk m\u00f6chten Sie anfragen?\t\t\t\t\t\t\t<\/label>\n\t\t\t\t\t\t\t\t\t\t\t\t\t\t<input size=\"1\" type=\"text\" name=\"form_fields[field_94c782e]\" id=\"form-field-field_94c782e\" class=\"elementor-field elementor-size-sm  elementor-field-textual\">\n\t\t\t\t\t\t\t\t\t\t\t<\/div>\n\t\t\t\t\t\t\t\t<div class=\"elementor-field-type-textarea elementor-field-group elementor-column elementor-field-group-message elementor-col-100 elementor-field-required elementor-mark-required\">\n\t\t\t\t\t\t\t\t\t\t\t\t<label for=\"form-field-message\" class=\"elementor-field-label\">\n\t\t\t\t\t\t\t\tNachricht\t\t\t\t\t\t\t<\/label>\n\t\t\t\t\t\t<textarea class=\"elementor-field-textual elementor-field  elementor-size-sm\" name=\"form_fields[message]\" id=\"form-field-message\" rows=\"4\" placeholder=\"Nachricht\" required=\"required\"><\/textarea>\t\t\t\t<\/div>\n\t\t\t\t\t\t\t\t<div class=\"elementor-field-group elementor-column elementor-field-type-submit elementor-col-100 e-form__buttons\">\n\t\t\t\t\t<button class=\"elementor-button elementor-size-sm\" type=\"submit\" id=\"Anfrage\">\n\t\t\t\t\t\t<span class=\"elementor-button-content-wrapper\">\n\t\t\t\t\t\t\t\t\t\t\t\t\t\t\t\t\t\t\t\t\t\t<span class=\"elementor-button-text\">Senden<\/span>\n\t\t\t\t\t\t\t\t\t\t\t\t\t<\/span>\n\t\t\t\t\t<\/button>\n\t\t\t\t<\/div>\n\t\t\t<\/div>\n\t\t<\/form>\n\t\t\t\t\t\t<\/div>\n\t\t\t\t\t<\/div>\n\t\t\t\t<\/div>\n\t\t\t\t<\/div>\n\t\t","protected":false},"excerpt":{"rendered":"<p>Anschrift Siegmar Ahlvers Im Buchenfelde 9b 30539 Hannover Deutschland E-Mail an Siegmar Ahlvers Allgemeine Anfragen \/ Presse: siegmar@ahlvers.de Kaufanfragen \/ Preisauskunft \/ Informationen zu Werken Bitte nutzen Sie das Formular:<\/p>","protected":false},"author":1,"featured_media":0,"parent":0,"menu_order":0,"comment_status":"closed","ping_status":"closed","template":"","meta":{"footnotes":""},"class_list":["post-10","page","type-page","status-publish","hentry"],"yoast_head":"<!-- This site is optimized with the Yoast SEO plugin v27.4 - https:\/\/yoast.com\/product\/yoast-seo-wordpress\/ -->\n<title>Kontakt - Siegmar Ahlvers<\/title>\n<meta name=\"robots\" content=\"index, follow, max-snippet:-1, max-image-preview:large, max-video-preview:-1\" \/>\n<link rel=\"canonical\" href=\"https:\/\/siegmar.ahlvers.de\/en\/kontakt\/\" \/>\n<meta property=\"og:locale\" content=\"en_US\" \/>\n<meta property=\"og:type\" content=\"article\" \/>\n<meta property=\"og:title\" content=\"Kontakt - Siegmar Ahlvers\" \/>\n<meta property=\"og:description\" content=\"Anschrift Siegmar Ahlvers Im Buchenfelde 9b 30539 Hannover Deutschland E-Mail an Siegmar Ahlvers Allgemeine Anfragen \/ Presse: siegmar@ahlvers.de Kaufanfragen \/ Preisauskunft \/ Informationen zu Werken Bitte nutzen Sie das Formular:\" \/>\n<meta property=\"og:url\" content=\"https:\/\/siegmar.ahlvers.de\/en\/kontakt\/\" \/>\n<meta property=\"og:site_name\" content=\"Siegmar Ahlvers\" \/>\n<meta property=\"article:publisher\" content=\"https:\/\/www.facebook.com\/siegmar.ahlvers\" \/>\n<meta property=\"article:modified_time\" content=\"2025-10-15T16:02:37+00:00\" \/>\n<meta name=\"twitter:card\" content=\"summary_large_image\" \/>\n<meta name=\"twitter:label1\" content=\"Est. reading time\" \/>\n\t<meta name=\"twitter:data1\" content=\"1 minute\" \/>\n<script type=\"application\/ld+json\" class=\"yoast-schema-graph\">{\"@context\":\"https:\\\/\\\/schema.org\",\"@graph\":[{\"@type\":\"WebPage\",\"@id\":\"https:\\\/\\\/siegmar.ahlvers.de\\\/kontakt\\\/\",\"url\":\"https:\\\/\\\/siegmar.ahlvers.de\\\/kontakt\\\/\",\"name\":\"Kontakt - Siegmar Ahlvers\",\"isPartOf\":{\"@id\":\"https:\\\/\\\/siegmar.ahlvers.de\\\/#website\"},\"datePublished\":\"2022-07-19T09:29:48+00:00\",\"dateModified\":\"2025-10-15T16:02:37+00:00\",\"breadcrumb\":{\"@id\":\"https:\\\/\\\/siegmar.ahlvers.de\\\/kontakt\\\/#breadcrumb\"},\"inLanguage\":\"en-US\",\"potentialAction\":[{\"@type\":\"ReadAction\",\"target\":[\"https:\\\/\\\/siegmar.ahlvers.de\\\/kontakt\\\/\"]}]},{\"@type\":\"BreadcrumbList\",\"@id\":\"https:\\\/\\\/siegmar.ahlvers.de\\\/kontakt\\\/#breadcrumb\",\"itemListElement\":[{\"@type\":\"ListItem\",\"position\":1,\"name\":\"Startseite\",\"item\":\"https:\\\/\\\/siegmar.ahlvers.de\\\/\"},{\"@type\":\"ListItem\",\"position\":2,\"name\":\"Kontakt\"}]},{\"@type\":\"WebSite\",\"@id\":\"https:\\\/\\\/siegmar.ahlvers.de\\\/#website\",\"url\":\"https:\\\/\\\/siegmar.ahlvers.de\\\/\",\"name\":\"Siegmar Ahlvers - Kunst\",\"description\":\"Die Welt als Kunstwerk\",\"publisher\":{\"@id\":\"https:\\\/\\\/siegmar.ahlvers.de\\\/#\\\/schema\\\/person\\\/28359b6064e090906ad271e9d29a2b1e\"},\"potentialAction\":[{\"@type\":\"SearchAction\",\"target\":{\"@type\":\"EntryPoint\",\"urlTemplate\":\"https:\\\/\\\/siegmar.ahlvers.de\\\/?s={search_term_string}\"},\"query-input\":{\"@type\":\"PropertyValueSpecification\",\"valueRequired\":true,\"valueName\":\"search_term_string\"}}],\"inLanguage\":\"en-US\"},{\"@type\":[\"Person\",\"Organization\"],\"@id\":\"https:\\\/\\\/siegmar.ahlvers.de\\\/#\\\/schema\\\/person\\\/28359b6064e090906ad271e9d29a2b1e\",\"name\":\"siegmar@ahlvers.de\",\"image\":{\"@type\":\"ImageObject\",\"inLanguage\":\"en-US\",\"@id\":\"https:\\\/\\\/siegmar.ahlvers.de\\\/wp-content\\\/uploads\\\/2025\\\/06\\\/cropped-AlphaSigma_200.jpg\",\"url\":\"https:\\\/\\\/siegmar.ahlvers.de\\\/wp-content\\\/uploads\\\/2025\\\/06\\\/cropped-AlphaSigma_200.jpg\",\"contentUrl\":\"https:\\\/\\\/siegmar.ahlvers.de\\\/wp-content\\\/uploads\\\/2025\\\/06\\\/cropped-AlphaSigma_200.jpg\",\"width\":512,\"height\":512,\"caption\":\"siegmar@ahlvers.de\"},\"logo\":{\"@id\":\"https:\\\/\\\/siegmar.ahlvers.de\\\/wp-content\\\/uploads\\\/2025\\\/06\\\/cropped-AlphaSigma_200.jpg\"},\"description\":\"Von der Unsch\u00e4rfe zur Form: Siegmar Ahlvers\u2019 planvolle Abstraktion Bevor Siegmar Ahlvers K\u00fcnstler wurde, suchte er als Ingenieur nach Gesetzm\u00e4\u00dfigkeiten: Messwerte, Modelle, Systeme. Parallel trug er seit Jugendtagen Skizzenb\u00fccher mit sich \u2013 getrieben von der Frage, wie sich das Unsichtbare der Welt sichtbar machen l\u00e4sst. Heisenbergs Unsch\u00e4rferelation wurde ihm zur inneren Metapher: Wirklichkeit oszilliert zwischen Wahrscheinlichkeit und Gewissheit. Seine Malerei ist der Versuch, dieser Schwebe eine Form zu geben. Der \u00f6ffentlich sichtbare Start kam 2004 mit einer kleinen Ausstellung quadratischer Aquarelle. Ein Besucher kaufte spontan mehrere Arbeiten, doch entscheidender als der Verkauf war die Einsicht, dass seine Bilder R\u00e4ume und Stimmungen sp\u00fcrbar ver\u00e4ndern. Aus der privaten Suche wurde eine Haltung; Ahlvers entwickelte seine Kunst konsequent weiter \u2013 zun\u00e4chst neben dem Beruf, sp\u00e4ter als Profession. Seine Werke entstehen planvoll. Ideen wachsen aus Tr\u00e4umen, meditativen Notizen und Studien im Skizzenbuch; daraus entstehen Entw\u00fcrfe in kleinem Format, bevor Leinwand oder Holzk\u00f6rper folgen. Die \u2013 oft grafisch\u2011geometrischen \u2013 Kompositionen bauen auf pr\u00e4ziser Bildaufteilung und bewusst gesetzter Farbdramaturgie. Material und Methode sind offen: Pinsel, Spachtel, Rollen, Schw\u00e4mme, Stifte, Folienabz\u00fcge, Alufolie, Sand, Steinchen, Kohle, Magnete \u2013 alles, was Oberfl\u00e4che und Raum zum Klingen bringt. Zugleich arbeitet Ahlvers seriell und h\u00e4lt innerhalb einer Reihe die formale Sprache konsistent, damit die Werke einzeln bestehen und gemeinsam als Ensemble wirken. Gepr\u00e4gt von christlicher Pr\u00e4gung und naturwissenschaftlichem Denken sucht Ahlvers in Mustern, Rhythmen und Farbr\u00e4umen nach den \u201einneren Strukturen\u201c der Welt. Seine planvoll komponierten, atmosph\u00e4risch dichten Arbeiten schaffen in privaten wie beruflichen R\u00e4umen eine konzentrierte, inspirierende Pr\u00e4senz \u2013 Kunst als sichtbare Ordnung im Strom des Ungewissen. Siegmar Ahlvers, Jahrgang 1957, wuchs in Langenhagen, im Weserbergland und in Celle auf und lebt seit 1978 in Hannover. \u00dcber 30 Jahre internationale Reiset\u00e4tigkeit \u2013 besonders in der Reifenindustrie \u2013 pr\u00e4gten seinen Blick; heute flie\u00dfen diese Erfahrungen sichtbar in sein Werk ein.\",\"sameAs\":[\"https:\\\/\\\/siegmar.ahlvers.de\",\"https:\\\/\\\/www.facebook.com\\\/siegmar.ahlvers\",\"https:\\\/\\\/www.instagram.com\\\/siegmarahlvers\",\"https:\\\/\\\/www.linkedin.com\\\/in\\\/siegmarahlvers\\\/\",\"https:\\\/\\\/www.youtube.com\\\/@alphasigmahannover\"]}]}<\/script>\n<!-- \/ Yoast SEO plugin. -->","yoast_head_json":{"title":"Kontakt - Siegmar Ahlvers","robots":{"index":"index","follow":"follow","max-snippet":"max-snippet:-1","max-image-preview":"max-image-preview:large","max-video-preview":"max-video-preview:-1"},"canonical":"https:\/\/siegmar.ahlvers.de\/en\/kontakt\/","og_locale":"en_US","og_type":"article","og_title":"Kontakt - Siegmar Ahlvers","og_description":"Anschrift Siegmar Ahlvers Im Buchenfelde 9b 30539 Hannover Deutschland E-Mail an Siegmar Ahlvers Allgemeine Anfragen \/ Presse: siegmar@ahlvers.de Kaufanfragen \/ Preisauskunft \/ Informationen zu Werken Bitte nutzen Sie das Formular:","og_url":"https:\/\/siegmar.ahlvers.de\/en\/kontakt\/","og_site_name":"Siegmar Ahlvers","article_publisher":"https:\/\/www.facebook.com\/siegmar.ahlvers","article_modified_time":"2025-10-15T16:02:37+00:00","twitter_card":"summary_large_image","twitter_misc":{"Est. reading time":"1 minute"},"schema":{"@context":"https:\/\/schema.org","@graph":[{"@type":"WebPage","@id":"https:\/\/siegmar.ahlvers.de\/kontakt\/","url":"https:\/\/siegmar.ahlvers.de\/kontakt\/","name":"Kontakt - Siegmar Ahlvers","isPartOf":{"@id":"https:\/\/siegmar.ahlvers.de\/#website"},"datePublished":"2022-07-19T09:29:48+00:00","dateModified":"2025-10-15T16:02:37+00:00","breadcrumb":{"@id":"https:\/\/siegmar.ahlvers.de\/kontakt\/#breadcrumb"},"inLanguage":"en-US","potentialAction":[{"@type":"ReadAction","target":["https:\/\/siegmar.ahlvers.de\/kontakt\/"]}]},{"@type":"BreadcrumbList","@id":"https:\/\/siegmar.ahlvers.de\/kontakt\/#breadcrumb","itemListElement":[{"@type":"ListItem","position":1,"name":"Startseite","item":"https:\/\/siegmar.ahlvers.de\/"},{"@type":"ListItem","position":2,"name":"Kontakt"}]},{"@type":"WebSite","@id":"https:\/\/siegmar.ahlvers.de\/#website","url":"https:\/\/siegmar.ahlvers.de\/","name":"Siegmar Ahlvers - Kunst","description":"The world as a work of art","publisher":{"@id":"https:\/\/siegmar.ahlvers.de\/#\/schema\/person\/28359b6064e090906ad271e9d29a2b1e"},"potentialAction":[{"@type":"SearchAction","target":{"@type":"EntryPoint","urlTemplate":"https:\/\/siegmar.ahlvers.de\/?s={search_term_string}"},"query-input":{"@type":"PropertyValueSpecification","valueRequired":true,"valueName":"search_term_string"}}],"inLanguage":"en-US"},{"@type":["Person","Organization"],"@id":"https:\/\/siegmar.ahlvers.de\/#\/schema\/person\/28359b6064e090906ad271e9d29a2b1e","name":"siegmar@ahlvers.de","image":{"@type":"ImageObject","inLanguage":"en-US","@id":"https:\/\/siegmar.ahlvers.de\/wp-content\/uploads\/2025\/06\/cropped-AlphaSigma_200.jpg","url":"https:\/\/siegmar.ahlvers.de\/wp-content\/uploads\/2025\/06\/cropped-AlphaSigma_200.jpg","contentUrl":"https:\/\/siegmar.ahlvers.de\/wp-content\/uploads\/2025\/06\/cropped-AlphaSigma_200.jpg","width":512,"height":512,"caption":"siegmar@ahlvers.de"},"logo":{"@id":"https:\/\/siegmar.ahlvers.de\/wp-content\/uploads\/2025\/06\/cropped-AlphaSigma_200.jpg"},"description":"Von der Unsch\u00e4rfe zur Form: Siegmar Ahlvers\u2019 planvolle Abstraktion Bevor Siegmar Ahlvers K\u00fcnstler wurde, suchte er als Ingenieur nach Gesetzm\u00e4\u00dfigkeiten: Messwerte, Modelle, Systeme. Parallel trug er seit Jugendtagen Skizzenb\u00fccher mit sich \u2013 getrieben von der Frage, wie sich das Unsichtbare der Welt sichtbar machen l\u00e4sst. Heisenbergs Unsch\u00e4rferelation wurde ihm zur inneren Metapher: Wirklichkeit oszilliert zwischen Wahrscheinlichkeit und Gewissheit. Seine Malerei ist der Versuch, dieser Schwebe eine Form zu geben. Der \u00f6ffentlich sichtbare Start kam 2004 mit einer kleinen Ausstellung quadratischer Aquarelle. Ein Besucher kaufte spontan mehrere Arbeiten, doch entscheidender als der Verkauf war die Einsicht, dass seine Bilder R\u00e4ume und Stimmungen sp\u00fcrbar ver\u00e4ndern. Aus der privaten Suche wurde eine Haltung; Ahlvers entwickelte seine Kunst konsequent weiter \u2013 zun\u00e4chst neben dem Beruf, sp\u00e4ter als Profession. Seine Werke entstehen planvoll. Ideen wachsen aus Tr\u00e4umen, meditativen Notizen und Studien im Skizzenbuch; daraus entstehen Entw\u00fcrfe in kleinem Format, bevor Leinwand oder Holzk\u00f6rper folgen. Die \u2013 oft grafisch\u2011geometrischen \u2013 Kompositionen bauen auf pr\u00e4ziser Bildaufteilung und bewusst gesetzter Farbdramaturgie. Material und Methode sind offen: Pinsel, Spachtel, Rollen, Schw\u00e4mme, Stifte, Folienabz\u00fcge, Alufolie, Sand, Steinchen, Kohle, Magnete \u2013 alles, was Oberfl\u00e4che und Raum zum Klingen bringt. Zugleich arbeitet Ahlvers seriell und h\u00e4lt innerhalb einer Reihe die formale Sprache konsistent, damit die Werke einzeln bestehen und gemeinsam als Ensemble wirken. Gepr\u00e4gt von christlicher Pr\u00e4gung und naturwissenschaftlichem Denken sucht Ahlvers in Mustern, Rhythmen und Farbr\u00e4umen nach den \u201einneren Strukturen\u201c der Welt. Seine planvoll komponierten, atmosph\u00e4risch dichten Arbeiten schaffen in privaten wie beruflichen R\u00e4umen eine konzentrierte, inspirierende Pr\u00e4senz \u2013 Kunst als sichtbare Ordnung im Strom des Ungewissen. Siegmar Ahlvers, Jahrgang 1957, wuchs in Langenhagen, im Weserbergland und in Celle auf und lebt seit 1978 in Hannover. \u00dcber 30 Jahre internationale Reiset\u00e4tigkeit \u2013 besonders in der Reifenindustrie \u2013 pr\u00e4gten seinen Blick; heute flie\u00dfen diese Erfahrungen sichtbar in sein Werk ein.","sameAs":["https:\/\/siegmar.ahlvers.de","https:\/\/www.facebook.com\/siegmar.ahlvers","https:\/\/www.instagram.com\/siegmarahlvers","https:\/\/www.linkedin.com\/in\/siegmarahlvers\/","https:\/\/www.youtube.com\/@alphasigmahannover"]}]}},"_links":{"self":[{"href":"https:\/\/siegmar.ahlvers.de\/en\/wp-json\/wp\/v2\/pages\/10","targetHints":{"allow":["GET"]}}],"collection":[{"href":"https:\/\/siegmar.ahlvers.de\/en\/wp-json\/wp\/v2\/pages"}],"about":[{"href":"https:\/\/siegmar.ahlvers.de\/en\/wp-json\/wp\/v2\/types\/page"}],"author":[{"embeddable":true,"href":"https:\/\/siegmar.ahlvers.de\/en\/wp-json\/wp\/v2\/users\/1"}],"replies":[{"embeddable":true,"href":"https:\/\/siegmar.ahlvers.de\/en\/wp-json\/wp\/v2\/comments?post=10"}],"version-history":[{"count":10,"href":"https:\/\/siegmar.ahlvers.de\/en\/wp-json\/wp\/v2\/pages\/10\/revisions"}],"predecessor-version":[{"id":2359,"href":"https:\/\/siegmar.ahlvers.de\/en\/wp-json\/wp\/v2\/pages\/10\/revisions\/2359"}],"wp:attachment":[{"href":"https:\/\/siegmar.ahlvers.de\/en\/wp-json\/wp\/v2\/media?parent=10"}],"curies":[{"name":"wp","href":"https:\/\/api.w.org\/{rel}","templated":true}]}}